{"id":2095,"date":"2023-12-23T19:39:05","date_gmt":"2023-12-23T19:39:05","guid":{"rendered":"https:\/\/clubvoleibolsantadria.com\/?page_id=2095"},"modified":"2024-01-01T09:56:06","modified_gmt":"2024-01-01T09:56:06","slug":"copa-espana-2023","status":"publish","type":"page","link":"http:\/\/clubvoleibolsantadria.com\/es\/copa-espana-2023\/","title":{"rendered":"Copa Espa\u00f1a 2023"},"content":{"rendered":"<div data-elementor-type=\"wp-page\" data-elementor-id=\"2095\" class=\"elementor elementor-2095\" data-elementor-settings=\"{&quot;ha_cmc_init_switcher&quot;:&quot;no&quot;}\" data-elementor-post-type=\"page\">\n\t\t\t\t\t\t<section class=\"elementor-section elementor-top-section elementor-element elementor-element-7949d39 elementor-section-boxed elementor-section-height-default elementor-section-height-default\" data-id=\"7949d39\" data-element_type=\"section\" data-e-type=\"section\" data-settings=\"{&quot;_ha_eqh_enable&quot;:false}\">\n\t\t\t\t\t\t<div class=\"elementor-container elementor-column-gap-default\">\n\t\t\t\t\t<div class=\"elementor-column elementor-col-100 elementor-top-column elementor-element elementor-element-1104e48\" data-id=\"1104e48\" data-element_type=\"column\" data-e-type=\"column\">\n\t\t\t<div class=\"elementor-widget-wrap elementor-element-populated\">\n\t\t\t\t\t\t<div class=\"elementor-element elementor-element-01c856d elementor-widget elementor-widget-heading\" data-id=\"01c856d\" data-element_type=\"widget\" data-e-type=\"widget\" data-widget_type=\"heading.default\">\n\t\t\t\t<div class=\"elementor-widget-container\">\n\t\t\t\t\t<h2 class=\"elementor-heading-title elementor-size-default\">Informaci\u00f3 Copa Espa\u00f1a 2023<\/h2>\t\t\t\t<\/div>\n\t\t\t\t<\/div>\n\t\t\t\t\t<\/div>\n\t\t<\/div>\n\t\t\t\t\t<\/div>\n\t\t<\/section>\n\t\t\t\t<section class=\"elementor-section elementor-top-section elementor-element elementor-element-6c191fe elementor-section-boxed elementor-section-height-default elementor-section-height-default\" data-id=\"6c191fe\" data-element_type=\"section\" data-e-type=\"section\" data-settings=\"{&quot;_ha_eqh_enable&quot;:false}\">\n\t\t\t\t\t\t<div class=\"elementor-container elementor-column-gap-default\">\n\t\t\t\t\t<div class=\"elementor-column elementor-col-100 elementor-top-column elementor-element elementor-element-1b4527a\" data-id=\"1b4527a\" data-element_type=\"column\" data-e-type=\"column\">\n\t\t\t<div class=\"elementor-widget-wrap elementor-element-populated\">\n\t\t\t\t\t\t<div class=\"elementor-element elementor-element-1645b0a elementor-widget elementor-widget-text-editor\" data-id=\"1645b0a\" data-element_type=\"widget\" data-e-type=\"widget\" data-widget_type=\"text-editor.default\">\n\t\t\t\t<div class=\"elementor-widget-container\">\n\t\t\t\t\t\t\t\t\t<p>Els tres equips que representaran al Club Voleibol Sant Adri\u00e0 a la Copa Espa\u00f1a 2023 a Valladolid s\u00f3n els seg\u00fcents:<\/p><ul><li>Cadet mascul\u00ed (grup cadet mascul\u00ed 2)<\/li><li>Cadet femen\u00ed (grup cadet femen\u00ed 6)<\/li><li>Juvenil femen\u00ed (grup juvenil femen\u00ed 4)<\/li><\/ul><div><a href=\"https:\/\/www.rfevb.com\/2023-copa-de-espana-cadete-juvenil-y-junior-resultados\" target=\"_blank\" rel=\"noopener\">Web de la RFEVB on veure calendaris, resultats i classificaci\u00f3<\/a>.<\/div>\t\t\t\t\t\t\t\t<\/div>\n\t\t\t\t<\/div>\n\t\t\t\t\t<\/div>\n\t\t<\/div>\n\t\t\t\t\t<\/div>\n\t\t<\/section>\n\t\t\t\t<section class=\"elementor-section elementor-top-section elementor-element elementor-element-be2ba6d elementor-section-boxed elementor-section-height-default elementor-section-height-default\" data-id=\"be2ba6d\" data-element_type=\"section\" data-e-type=\"section\" data-settings=\"{&quot;_ha_eqh_enable&quot;:false}\">\n\t\t\t\t\t\t<div class=\"elementor-container elementor-column-gap-default\">\n\t\t\t\t\t<div class=\"elementor-column elementor-col-100 elementor-top-column elementor-element elementor-element-06470ef\" data-id=\"06470ef\" data-element_type=\"column\" data-e-type=\"column\">\n\t\t\t<div class=\"elementor-widget-wrap elementor-element-populated\">\n\t\t\t\t\t\t<div class=\"elementor-element elementor-element-4983a04 elementor-widget elementor-widget-text-editor\" data-id=\"4983a04\" data-element_type=\"widget\" data-e-type=\"widget\" data-widget_type=\"text-editor.default\">\n\t\t\t\t<div class=\"elementor-widget-container\">\n\t\t\t\t\t\t\t\t\t<p>Alguns dels nostres partits s&#8217;emetran en directe per <a href=\"https:\/\/www.twitch.tv\/tvcvsa\" target=\"_blank\" rel=\"noopener\">twitch<\/a> o en diferit en <a href=\"https:\/\/www.youtube.com\/@VoleiSantAdriaTV\" target=\"_blank\" rel=\"noopener\">Volei Sant Adri\u00e0 TV en youtube<\/a><\/p>\t\t\t\t\t\t\t\t<\/div>\n\t\t\t\t<\/div>\n\t\t\t\t\t<\/div>\n\t\t<\/div>\n\t\t\t\t\t<\/div>\n\t\t<\/section>\n\t\t\t\t<section class=\"elementor-section elementor-top-section elementor-element elementor-element-983a7ef elementor-section-boxed elementor-section-height-default elementor-section-height-default\" data-id=\"983a7ef\" data-element_type=\"section\" data-e-type=\"section\" data-settings=\"{&quot;_ha_eqh_enable&quot;:false}\">\n\t\t\t\t\t\t<div class=\"elementor-container elementor-column-gap-default\">\n\t\t\t\t\t<div class=\"elementor-column elementor-col-100 elementor-top-column elementor-element elementor-element-3c991af\" data-id=\"3c991af\" data-element_type=\"column\" data-e-type=\"column\">\n\t\t\t<div class=\"elementor-widget-wrap elementor-element-populated\">\n\t\t\t\t\t\t<div class=\"elementor-element elementor-element-dc84eae elementor-widget elementor-widget-heading\" data-id=\"dc84eae\" data-element_type=\"widget\" data-e-type=\"widget\" data-widget_type=\"heading.default\">\n\t\t\t\t<div class=\"elementor-widget-container\">\n\t\t\t\t\t<h2 class=\"elementor-heading-title elementor-size-default\">Calendario de partidos<\/h2>\t\t\t\t<\/div>\n\t\t\t\t<\/div>\n\t\t\t\t\t<\/div>\n\t\t<\/div>\n\t\t\t\t\t<\/div>\n\t\t<\/section>\n\t\t\t\t<section class=\"elementor-section elementor-top-section elementor-element elementor-element-f2be6c3 elementor-section-boxed elementor-section-height-default elementor-section-height-default\" data-id=\"f2be6c3\" data-element_type=\"section\" data-e-type=\"section\" data-settings=\"{&quot;_ha_eqh_enable&quot;:false}\">\n\t\t\t\t\t\t<div class=\"elementor-container elementor-column-gap-default\">\n\t\t\t\t\t<div class=\"elementor-column elementor-col-100 elementor-top-column elementor-element elementor-element-32e754a\" data-id=\"32e754a\" data-element_type=\"column\" data-e-type=\"column\">\n\t\t\t<div class=\"elementor-widget-wrap\">\n\t\t\t\t\t\t\t<\/div>\n\t\t<\/div>\n\t\t\t\t\t<\/div>\n\t\t<\/section>\n\t\t\t\t<section class=\"elementor-section elementor-top-section elementor-element elementor-element-687bae8 elementor-section-boxed elementor-section-height-default elementor-section-height-default\" data-id=\"687bae8\" data-element_type=\"section\" data-e-type=\"section\" data-settings=\"{&quot;_ha_eqh_enable&quot;:false}\">\n\t\t\t\t\t\t<div class=\"elementor-container elementor-column-gap-default\">\n\t\t\t\t\t<div class=\"elementor-column elementor-col-50 elementor-top-column elementor-element elementor-element-a077e3e\" data-id=\"a077e3e\" data-element_type=\"column\" data-e-type=\"column\">\n\t\t\t<div class=\"elementor-widget-wrap elementor-element-populated\">\n\t\t\t\t\t\t<div class=\"elementor-element elementor-element-ab00ec7 elementor-widget elementor-widget-image\" data-id=\"ab00ec7\" data-element_type=\"widget\" data-e-type=\"widget\" data-widget_type=\"image.default\">\n\t\t\t\t<div class=\"elementor-widget-container\">\n\t\t\t\t\t\t\t\t\t\t\t\t\t\t\t<img fetchpriority=\"high\" decoding=\"async\" width=\"640\" height=\"440\" src=\"https:\/\/clubvoleibolsantadria.com\/wp-content\/uploads\/2023\/12\/dia-30.png\" class=\"attachment-large size-large wp-image-2163\" alt=\"\" srcset=\"https:\/\/clubvoleibolsantadria.com\/wp-content\/uploads\/2023\/12\/dia-30.png 640w, https:\/\/clubvoleibolsantadria.com\/wp-content\/uploads\/2023\/12\/dia-30-300x206.png 300w, https:\/\/clubvoleibolsantadria.com\/wp-content\/uploads\/2023\/12\/dia-30-18x12.png 18w\" sizes=\"(max-width: 640px) 100vw, 640px\" \/>\t\t\t\t\t\t\t\t\t\t\t\t\t\t\t<\/div>\n\t\t\t\t<\/div>\n\t\t\t\t\t<\/div>\n\t\t<\/div>\n\t\t\t\t<div class=\"elementor-column elementor-col-50 elementor-top-column elementor-element elementor-element-66d960e\" data-id=\"66d960e\" data-element_type=\"column\" data-e-type=\"column\">\n\t\t\t<div class=\"elementor-widget-wrap elementor-element-populated\">\n\t\t\t\t\t\t<div class=\"elementor-element elementor-element-8c2476c elementor-widget elementor-widget-shortcode\" data-id=\"8c2476c\" data-element_type=\"widget\" data-e-type=\"widget\" data-widget_type=\"shortcode.default\">\n\t\t\t\t<div class=\"elementor-widget-container\">\n\t\t\t\t\t\t\t<div class=\"elementor-shortcode\"><div id=\"footable_parent_2162\"\n         class=\"footable_parent ninja_table_wrapper loading_ninja_table wp_table_data_press_parent semantic_ui\">\n                <table data-ninja_table_instance=\"ninja_table_instance_0\" data-footable_id=\"2162\" data-filter-delay=\"1000\" aria-label=\"Copa Espa\u00f1a d\u00eda 30\"            id=\"footable_2162\"\n           data-unique_identifier=\"ninja_table_unique_id_1895390613_2162\"\n           class=\"foo-table ninja_footable foo_table_2162 ninja_table_unique_id_1895390613_2162 ui table  nt_type_ajax_table selectable compact  footable-paging-right\">\n                <colgroup>\n                            <col class=\"ninja_column_0\">\n                            <col class=\"ninja_column_1\">\n                            <col class=\"ninja_column_2\">\n                            <col class=\"ninja_column_3\">\n                            <col class=\"ninja_column_4\">\n                    <\/colgroup>\n            <\/table>\n    \n    \n    \n<\/div>\n<\/div>\n\t\t\t\t\t\t<\/div>\n\t\t\t\t<\/div>\n\t\t\t\t\t<\/div>\n\t\t<\/div>\n\t\t\t\t\t<\/div>\n\t\t<\/section>\n\t\t\t\t<section class=\"elementor-section elementor-top-section elementor-element elementor-element-babea8b elementor-section-boxed elementor-section-height-default elementor-section-height-default\" data-id=\"babea8b\" data-element_type=\"section\" data-e-type=\"section\" data-settings=\"{&quot;_ha_eqh_enable&quot;:false}\">\n\t\t\t\t\t\t<div class=\"elementor-container elementor-column-gap-default\">\n\t\t\t\t\t<div class=\"elementor-column elementor-col-50 elementor-top-column elementor-element elementor-element-090c790\" data-id=\"090c790\" data-element_type=\"column\" data-e-type=\"column\">\n\t\t\t<div class=\"elementor-widget-wrap elementor-element-populated\">\n\t\t\t\t\t\t<div class=\"elementor-element elementor-element-f258286 elementor-widget elementor-widget-image\" data-id=\"f258286\" data-element_type=\"widget\" data-e-type=\"widget\" data-widget_type=\"image.default\">\n\t\t\t\t<div class=\"elementor-widget-container\">\n\t\t\t\t\t\t\t\t\t\t\t\t\t\t\t<img decoding=\"async\" width=\"617\" height=\"743\" data-src=\"https:\/\/clubvoleibolsantadria.com\/wp-content\/uploads\/2023\/12\/dia-29.png\" class=\"attachment-large size-large wp-image-2156 lazyload\" alt=\"\" data-srcset=\"https:\/\/clubvoleibolsantadria.com\/wp-content\/uploads\/2023\/12\/dia-29.png 617w, https:\/\/clubvoleibolsantadria.com\/wp-content\/uploads\/2023\/12\/dia-29-249x300.png 249w, https:\/\/clubvoleibolsantadria.com\/wp-content\/uploads\/2023\/12\/dia-29-10x12.png 10w\" data-sizes=\"(max-width: 617px) 100vw, 617px\" src=\"data:image\/svg+xml;base64,PHN2ZyB3aWR0aD0iMSIgaGVpZ2h0PSIxIiB4bWxucz0iaHR0cDovL3d3dy53My5vcmcvMjAwMC9zdmciPjwvc3ZnPg==\" style=\"--smush-placeholder-width: 617px; --smush-placeholder-aspect-ratio: 617\/743;\" \/>\t\t\t\t\t\t\t\t\t\t\t\t\t\t\t<\/div>\n\t\t\t\t<\/div>\n\t\t\t\t\t<\/div>\n\t\t<\/div>\n\t\t\t\t<div class=\"elementor-column elementor-col-50 elementor-top-column elementor-element elementor-element-6a40b16\" data-id=\"6a40b16\" data-element_type=\"column\" data-e-type=\"column\">\n\t\t\t<div class=\"elementor-widget-wrap elementor-element-populated\">\n\t\t\t\t\t\t<div class=\"elementor-element elementor-element-47ad863 elementor-widget elementor-widget-shortcode\" data-id=\"47ad863\" data-element_type=\"widget\" data-e-type=\"widget\" data-widget_type=\"shortcode.default\">\n\t\t\t\t<div class=\"elementor-widget-container\">\n\t\t\t\t\t\t\t<div class=\"elementor-shortcode\"><div id=\"footable_parent_2157\"\n         class=\"footable_parent ninja_table_wrapper loading_ninja_table wp_table_data_press_parent semantic_ui\">\n                <table data-ninja_table_instance=\"ninja_table_instance_1\" data-footable_id=\"2157\" data-filter-delay=\"1000\" aria-label=\"Copa Espa\u00f1a d\u00eda 29\"            id=\"footable_2157\"\n           data-unique_identifier=\"ninja_table_unique_id_3078350557_2157\"\n           class=\"foo-table ninja_footable foo_table_2157 ninja_table_unique_id_3078350557_2157 ui table  nt_type_ajax_table selectable compact  footable-paging-right\">\n                <colgroup>\n                            <col class=\"ninja_column_0\">\n                            <col class=\"ninja_column_1\">\n                            <col class=\"ninja_column_2\">\n                            <col class=\"ninja_column_3\">\n                            <col class=\"ninja_column_4\">\n                    <\/colgroup>\n            <\/table>\n    \n    \n    \n<\/div>\n<\/div>\n\t\t\t\t\t\t<\/div>\n\t\t\t\t<\/div>\n\t\t\t\t\t<\/div>\n\t\t<\/div>\n\t\t\t\t\t<\/div>\n\t\t<\/section>\n\t\t\t\t<section class=\"elementor-section elementor-top-section elementor-element elementor-element-e9809c8 elementor-section-boxed elementor-section-height-default elementor-section-height-default\" data-id=\"e9809c8\" data-element_type=\"section\" data-e-type=\"section\" data-settings=\"{&quot;_ha_eqh_enable&quot;:false}\">\n\t\t\t\t\t\t<div class=\"elementor-container elementor-column-gap-default\">\n\t\t\t\t\t<div class=\"elementor-column elementor-col-50 elementor-top-column elementor-element elementor-element-89f213d\" data-id=\"89f213d\" data-element_type=\"column\" data-e-type=\"column\">\n\t\t\t<div class=\"elementor-widget-wrap elementor-element-populated\">\n\t\t\t\t\t\t<div class=\"elementor-element elementor-element-5ae9faf elementor-widget elementor-widget-image\" data-id=\"5ae9faf\" data-element_type=\"widget\" data-e-type=\"widget\" data-widget_type=\"image.default\">\n\t\t\t\t<div class=\"elementor-widget-container\">\n\t\t\t\t\t\t\t\t\t\t\t\t\t\t\t<img decoding=\"async\" width=\"517\" height=\"777\" data-src=\"https:\/\/clubvoleibolsantadria.com\/wp-content\/uploads\/2023\/12\/dia-28-2.png\" class=\"attachment-large size-large wp-image-2152 lazyload\" alt=\"\" data-srcset=\"https:\/\/clubvoleibolsantadria.com\/wp-content\/uploads\/2023\/12\/dia-28-2.png 517w, https:\/\/clubvoleibolsantadria.com\/wp-content\/uploads\/2023\/12\/dia-28-2-200x300.png 200w, https:\/\/clubvoleibolsantadria.com\/wp-content\/uploads\/2023\/12\/dia-28-2-8x12.png 8w\" data-sizes=\"(max-width: 517px) 100vw, 517px\" src=\"data:image\/svg+xml;base64,PHN2ZyB3aWR0aD0iMSIgaGVpZ2h0PSIxIiB4bWxucz0iaHR0cDovL3d3dy53My5vcmcvMjAwMC9zdmciPjwvc3ZnPg==\" style=\"--smush-placeholder-width: 517px; --smush-placeholder-aspect-ratio: 517\/777;\" \/>\t\t\t\t\t\t\t\t\t\t\t\t\t\t\t<\/div>\n\t\t\t\t<\/div>\n\t\t\t\t\t<\/div>\n\t\t<\/div>\n\t\t\t\t<div class=\"elementor-column elementor-col-50 elementor-top-column elementor-element elementor-element-ae54de2\" data-id=\"ae54de2\" data-element_type=\"column\" data-e-type=\"column\">\n\t\t\t<div class=\"elementor-widget-wrap elementor-element-populated\">\n\t\t\t\t\t\t<div class=\"elementor-element elementor-element-d756e03 elementor-widget elementor-widget-shortcode\" data-id=\"d756e03\" data-element_type=\"widget\" data-e-type=\"widget\" data-widget_type=\"shortcode.default\">\n\t\t\t\t<div class=\"elementor-widget-container\">\n\t\t\t\t\t\t\t<div class=\"elementor-shortcode\"><div id=\"footable_parent_2144\"\n         class=\"footable_parent ninja_table_wrapper loading_ninja_table wp_table_data_press_parent semantic_ui\">\n                <table data-ninja_table_instance=\"ninja_table_instance_2\" data-footable_id=\"2144\" data-filter-delay=\"1000\" aria-label=\"Copa Espa\u00f1a d\u00eda 28\"            id=\"footable_2144\"\n           data-unique_identifier=\"ninja_table_unique_id_2242302866_2144\"\n           class=\"foo-table ninja_footable foo_table_2144 ninja_table_unique_id_2242302866_2144 ui table  nt_type_ajax_table selectable compact  footable-paging-right\">\n                <colgroup>\n                            <col class=\"ninja_column_0\">\n                            <col class=\"ninja_column_1\">\n                            <col class=\"ninja_column_2\">\n                            <col class=\"ninja_column_3\">\n                            <col class=\"ninja_column_4\">\n                    <\/colgroup>\n            <\/table>\n    \n    \n    \n<\/div>\n<\/div>\n\t\t\t\t\t\t<\/div>\n\t\t\t\t<\/div>\n\t\t\t\t\t<\/div>\n\t\t<\/div>\n\t\t\t\t\t<\/div>\n\t\t<\/section>\n\t\t\t\t<section class=\"elementor-section elementor-top-section elementor-element elementor-element-f566a22 elementor-section-boxed elementor-section-height-default elementor-section-height-default\" data-id=\"f566a22\" data-element_type=\"section\" data-e-type=\"section\" data-settings=\"{&quot;_ha_eqh_enable&quot;:false}\">\n\t\t\t\t\t\t<div class=\"elementor-container elementor-column-gap-default\">\n\t\t\t\t\t<div class=\"elementor-column elementor-col-50 elementor-top-column elementor-element elementor-element-ca4562e\" data-id=\"ca4562e\" data-element_type=\"column\" data-e-type=\"column\">\n\t\t\t<div class=\"elementor-widget-wrap elementor-element-populated\">\n\t\t\t\t\t\t<div class=\"elementor-element elementor-element-42b69dd elementor-widget elementor-widget-image\" data-id=\"42b69dd\" data-element_type=\"widget\" data-e-type=\"widget\" data-widget_type=\"image.default\">\n\t\t\t\t<div class=\"elementor-widget-container\">\n\t\t\t\t\t\t\t\t\t\t\t\t\t\t\t<img decoding=\"async\" width=\"482\" height=\"815\" data-src=\"https:\/\/clubvoleibolsantadria.com\/wp-content\/uploads\/2023\/12\/Dia_27_Copa_ESP.png\" class=\"attachment-large size-large wp-image-2102 lazyload\" alt=\"\" data-srcset=\"https:\/\/clubvoleibolsantadria.com\/wp-content\/uploads\/2023\/12\/Dia_27_Copa_ESP.png 482w, https:\/\/clubvoleibolsantadria.com\/wp-content\/uploads\/2023\/12\/Dia_27_Copa_ESP-177x300.png 177w, https:\/\/clubvoleibolsantadria.com\/wp-content\/uploads\/2023\/12\/Dia_27_Copa_ESP-7x12.png 7w\" data-sizes=\"(max-width: 482px) 100vw, 482px\" src=\"data:image\/svg+xml;base64,PHN2ZyB3aWR0aD0iMSIgaGVpZ2h0PSIxIiB4bWxucz0iaHR0cDovL3d3dy53My5vcmcvMjAwMC9zdmciPjwvc3ZnPg==\" style=\"--smush-placeholder-width: 482px; --smush-placeholder-aspect-ratio: 482\/815;\" \/>\t\t\t\t\t\t\t\t\t\t\t\t\t\t\t<\/div>\n\t\t\t\t<\/div>\n\t\t\t\t\t<\/div>\n\t\t<\/div>\n\t\t\t\t<div class=\"elementor-column elementor-col-50 elementor-top-column elementor-element elementor-element-03ef482\" data-id=\"03ef482\" data-element_type=\"column\" data-e-type=\"column\">\n\t\t\t<div class=\"elementor-widget-wrap elementor-element-populated\">\n\t\t\t\t\t\t<div class=\"elementor-element elementor-element-ee44a22 elementor-widget elementor-widget-shortcode\" data-id=\"ee44a22\" data-element_type=\"widget\" data-e-type=\"widget\" data-widget_type=\"shortcode.default\">\n\t\t\t\t<div class=\"elementor-widget-container\">\n\t\t\t\t\t\t\t<div class=\"elementor-shortcode\"><div id=\"footable_parent_2124\"\n         class=\"footable_parent ninja_table_wrapper loading_ninja_table wp_table_data_press_parent semantic_ui\">\n                <table data-ninja_table_instance=\"ninja_table_instance_3\" data-footable_id=\"2124\" data-filter-delay=\"1000\" aria-label=\"Copa Espa\u00f1a d\u00eda 27\"            id=\"footable_2124\"\n           data-unique_identifier=\"ninja_table_unique_id_1841254922_2124\"\n           class=\"foo-table ninja_footable foo_table_2124 ninja_table_unique_id_1841254922_2124 ui table  nt_type_ajax_table selectable compact  footable-paging-right\">\n                <colgroup>\n                            <col class=\"ninja_column_0\">\n                            <col class=\"ninja_column_1\">\n                            <col class=\"ninja_column_2\">\n                            <col class=\"ninja_column_3\">\n                            <col class=\"ninja_column_4\">\n                    <\/colgroup>\n            <\/table>\n    \n    \n    \n<\/div>\n<\/div>\n\t\t\t\t\t\t<\/div>\n\t\t\t\t<\/div>\n\t\t\t\t\t<\/div>\n\t\t<\/div>\n\t\t\t\t\t<\/div>\n\t\t<\/section>\n\t\t\t\t<\/div>","protected":false},"excerpt":{"rendered":"<p>Informaci\u00f3 Copa Espa\u00f1a 2023 Els tres equips que representaran al Club Voleibol Sant Adri\u00e0 a la Copa Espa\u00f1a 2023 a Valladolid s\u00f3n els seg\u00fcents: Cadet mascul\u00ed (grup cadet mascul\u00ed 2) Cadet femen\u00ed (grup cadet femen\u00ed 6) Juvenil femen\u00ed (grup juvenil femen\u00ed 4) Web de la RFEVB on veure calendaris, resultats i classificaci\u00f3. Alguns dels nostres [&hellip;]<\/p>\n","protected":false},"author":2,"featured_media":0,"parent":0,"menu_order":0,"comment_status":"closed","ping_status":"closed","template":"","meta":{"footnotes":""},"class_list":["post-2095","page","type-page","status-publish","hentry"],"blocksy_meta":[],"_links":{"self":[{"href":"http:\/\/clubvoleibolsantadria.com\/es\/wp-json\/wp\/v2\/pages\/2095","targetHints":{"allow":["GET"]}}],"collection":[{"href":"http:\/\/clubvoleibolsantadria.com\/es\/wp-json\/wp\/v2\/pages"}],"about":[{"href":"http:\/\/clubvoleibolsantadria.com\/es\/wp-json\/wp\/v2\/types\/page"}],"author":[{"embeddable":true,"href":"http:\/\/clubvoleibolsantadria.com\/es\/wp-json\/wp\/v2\/users\/2"}],"replies":[{"embeddable":true,"href":"http:\/\/clubvoleibolsantadria.com\/es\/wp-json\/wp\/v2\/comments?post=2095"}],"version-history":[{"count":0,"href":"http:\/\/clubvoleibolsantadria.com\/es\/wp-json\/wp\/v2\/pages\/2095\/revisions"}],"wp:attachment":[{"href":"http:\/\/clubvoleibolsantadria.com\/es\/wp-json\/wp\/v2\/media?parent=2095"}],"curies":[{"name":"wp","href":"https:\/\/api.w.org\/{rel}","templated":true}]}}