{"id":1269,"date":"2023-05-26T17:09:03","date_gmt":"2023-05-26T17:09:03","guid":{"rendered":"https:\/\/clubvoleibolsantadria.com\/?page_id=1269"},"modified":"2025-08-20T19:08:00","modified_gmt":"2025-08-20T19:08:00","slug":"on-som","status":"publish","type":"page","link":"https:\/\/clubvoleibolsantadria.com\/es\/on-som\/","title":{"rendered":"Donde estamos"},"content":{"rendered":"<div data-elementor-type=\"wp-page\" data-elementor-id=\"1269\" class=\"elementor elementor-1269\" data-elementor-settings=\"{&quot;ha_cmc_init_switcher&quot;:&quot;no&quot;}\" data-elementor-post-type=\"page\">\n\t\t\t\t\t\t<section class=\"elementor-section elementor-top-section elementor-element elementor-element-96d9399 elementor-section-boxed elementor-section-height-default elementor-section-height-default\" data-id=\"96d9399\" data-element_type=\"section\" data-e-type=\"section\" data-settings=\"{&quot;_ha_eqh_enable&quot;:false}\">\n\t\t\t\t\t\t<div class=\"elementor-container elementor-column-gap-default\">\n\t\t\t\t\t<div class=\"elementor-column elementor-col-100 elementor-top-column elementor-element elementor-element-645aeb8\" data-id=\"645aeb8\" data-element_type=\"column\" data-e-type=\"column\">\n\t\t\t<div class=\"elementor-widget-wrap elementor-element-populated\">\n\t\t\t\t\t\t<div class=\"elementor-element elementor-element-bc12627 elementor-widget elementor-widget-spacer\" data-id=\"bc12627\" data-element_type=\"widget\" data-e-type=\"widget\" data-widget_type=\"spacer.default\">\n\t\t\t\t<div class=\"elementor-widget-container\">\n\t\t\t\t\t\t\t<div class=\"elementor-spacer\">\n\t\t\t<div class=\"elementor-spacer-inner\"><\/div>\n\t\t<\/div>\n\t\t\t\t\t\t<\/div>\n\t\t\t\t<\/div>\n\t\t\t\t<div class=\"elementor-element elementor-element-65a9d24 elementor-widget elementor-widget-heading\" data-id=\"65a9d24\" data-element_type=\"widget\" data-e-type=\"widget\" data-widget_type=\"heading.default\">\n\t\t\t\t<div class=\"elementor-widget-container\">\n\t\t\t\t\t<h2 class=\"elementor-heading-title elementor-size-default\">Donde estamos<\/h2>\t\t\t\t<\/div>\n\t\t\t\t<\/div>\n\t\t\t\t\t<\/div>\n\t\t<\/div>\n\t\t\t\t\t<\/div>\n\t\t<\/section>\n\t\t\t\t<section class=\"elementor-section elementor-top-section elementor-element elementor-element-26ee4d6 elementor-section-boxed elementor-section-height-default elementor-section-height-default\" data-id=\"26ee4d6\" data-element_type=\"section\" data-e-type=\"section\" data-settings=\"{&quot;_ha_eqh_enable&quot;:false}\">\n\t\t\t\t\t\t<div class=\"elementor-container elementor-column-gap-default\">\n\t\t\t\t\t<div class=\"elementor-column elementor-col-100 elementor-top-column elementor-element elementor-element-c586417\" data-id=\"c586417\" data-element_type=\"column\" data-e-type=\"column\">\n\t\t\t<div class=\"elementor-widget-wrap elementor-element-populated\">\n\t\t\t\t\t\t<div class=\"elementor-element elementor-element-1659194 elementor-widget-divider--view-line elementor-widget elementor-widget-divider\" data-id=\"1659194\" data-element_type=\"widget\" data-e-type=\"widget\" data-widget_type=\"divider.default\">\n\t\t\t\t<div class=\"elementor-widget-container\">\n\t\t\t\t\t\t\t<div class=\"elementor-divider\">\n\t\t\t<span class=\"elementor-divider-separator\">\n\t\t\t\t\t\t<\/span>\n\t\t<\/div>\n\t\t\t\t\t\t<\/div>\n\t\t\t\t<\/div>\n\t\t\t\t\t<\/div>\n\t\t<\/div>\n\t\t\t\t\t<\/div>\n\t\t<\/section>\n\t\t\t\t<section class=\"elementor-section elementor-top-section elementor-element elementor-element-c18bbea elementor-section-boxed elementor-section-height-default elementor-section-height-default\" data-id=\"c18bbea\" data-element_type=\"section\" data-e-type=\"section\" data-settings=\"{&quot;_ha_eqh_enable&quot;:false}\">\n\t\t\t\t\t\t<div class=\"elementor-container elementor-column-gap-default\">\n\t\t\t\t\t<div class=\"elementor-column elementor-col-100 elementor-top-column elementor-element elementor-element-0fd94b7\" data-id=\"0fd94b7\" data-element_type=\"column\" data-e-type=\"column\">\n\t\t\t<div class=\"elementor-widget-wrap elementor-element-populated\">\n\t\t\t\t\t\t<div class=\"elementor-element elementor-element-8d2466d elementor-widget elementor-widget-text-editor\" data-id=\"8d2466d\" data-element_type=\"widget\" data-e-type=\"widget\" data-widget_type=\"text-editor.default\">\n\t\t\t\t<div class=\"elementor-widget-container\">\n\t\t\t\t\t\t\t\t\t<p><span class=\"HwtZe\" lang=\"ca\"><span class=\"jCAhz ChMk0b\"><span class=\"ryNqvb\">En la actualidad, nuestro club est\u00e1 formado por 21 equipos de diferentes categor\u00edas.<\/span><\/span> <span class=\"jCAhz ChMk0b\"><span class=\"ryNqvb\">Para entrenamientos y partidos disponemos actualmente de dos instalaciones polideportivas en Sant Adri\u00e0 de Bes\u00f2s. El Polideportivo Municipal Marina-Bes\u00f2s y el Pabell\u00f3n Ol\u00edmpico Municipal La Mina.<\/span><\/span><\/span><\/p>\t\t\t\t\t\t\t\t<\/div>\n\t\t\t\t<\/div>\n\t\t\t\t<div class=\"elementor-element elementor-element-6701154 elementor-widget elementor-widget-spacer\" data-id=\"6701154\" data-element_type=\"widget\" data-e-type=\"widget\" data-widget_type=\"spacer.default\">\n\t\t\t\t<div class=\"elementor-widget-container\">\n\t\t\t\t\t\t\t<div class=\"elementor-spacer\">\n\t\t\t<div class=\"elementor-spacer-inner\"><\/div>\n\t\t<\/div>\n\t\t\t\t\t\t<\/div>\n\t\t\t\t<\/div>\n\t\t\t\t\t<\/div>\n\t\t<\/div>\n\t\t\t\t\t<\/div>\n\t\t<\/section>\n\t\t\t\t<section class=\"elementor-section elementor-top-section elementor-element elementor-element-56e0fc0 elementor-section-boxed elementor-section-height-default elementor-section-height-default\" data-id=\"56e0fc0\" data-element_type=\"section\" data-e-type=\"section\" data-settings=\"{&quot;_ha_eqh_enable&quot;:false}\">\n\t\t\t\t\t\t<div class=\"elementor-container elementor-column-gap-default\">\n\t\t\t\t\t<div class=\"elementor-column elementor-col-50 elementor-top-column elementor-element elementor-element-4070b31\" data-id=\"4070b31\" data-element_type=\"column\" data-e-type=\"column\">\n\t\t\t<div class=\"elementor-widget-wrap elementor-element-populated\">\n\t\t\t\t\t\t<div class=\"elementor-element elementor-element-f6b7286 elementor-widget elementor-widget-heading\" data-id=\"f6b7286\" data-element_type=\"widget\" data-e-type=\"widget\" data-widget_type=\"heading.default\">\n\t\t\t\t<div class=\"elementor-widget-container\">\n\t\t\t\t\t<h5 class=\"elementor-heading-title elementor-size-default\">Polideportivo Municipal Marina-Bes\u00f3s<\/h5>\t\t\t\t<\/div>\n\t\t\t\t<\/div>\n\t\t\t\t<div class=\"elementor-element elementor-element-75277be elementor-widget elementor-widget-image\" data-id=\"75277be\" data-element_type=\"widget\" data-e-type=\"widget\" data-widget_type=\"image.default\">\n\t\t\t\t<div class=\"elementor-widget-container\">\n\t\t\t\t\t\t\t\t\t\t\t\t\t\t\t<img fetchpriority=\"high\" decoding=\"async\" width=\"768\" height=\"432\" src=\"https:\/\/clubvoleibolsantadria.com\/wp-content\/uploads\/2024\/08\/exterior-marina-2-768x432.png\" class=\"attachment-medium_large size-medium_large wp-image-3646\" alt=\"\" srcset=\"https:\/\/clubvoleibolsantadria.com\/wp-content\/uploads\/2024\/08\/exterior-marina-2-768x432.png 768w, https:\/\/clubvoleibolsantadria.com\/wp-content\/uploads\/2024\/08\/exterior-marina-2-300x169.png 300w, https:\/\/clubvoleibolsantadria.com\/wp-content\/uploads\/2024\/08\/exterior-marina-2-1024x576.png 1024w, https:\/\/clubvoleibolsantadria.com\/wp-content\/uploads\/2024\/08\/exterior-marina-2-18x10.png 18w, https:\/\/clubvoleibolsantadria.com\/wp-content\/uploads\/2024\/08\/exterior-marina-2.png 1270w\" sizes=\"(max-width: 768px) 100vw, 768px\" \/>\t\t\t\t\t\t\t\t\t\t\t\t\t\t\t<\/div>\n\t\t\t\t<\/div>\n\t\t\t\t<div class=\"elementor-element elementor-element-050246c elementor-widget elementor-widget-image\" data-id=\"050246c\" data-element_type=\"widget\" data-e-type=\"widget\" data-widget_type=\"image.default\">\n\t\t\t\t<div class=\"elementor-widget-container\">\n\t\t\t\t\t\t\t\t\t\t\t\t\t\t\t<img decoding=\"async\" width=\"768\" height=\"432\" data-src=\"https:\/\/clubvoleibolsantadria.com\/wp-content\/uploads\/2024\/08\/marina-besos-1-768x432.jpg\" class=\"attachment-medium_large size-medium_large wp-image-3648 lazyload\" alt=\"\" data-srcset=\"https:\/\/clubvoleibolsantadria.com\/wp-content\/uploads\/2024\/08\/marina-besos-1-768x432.jpg 768w, https:\/\/clubvoleibolsantadria.com\/wp-content\/uploads\/2024\/08\/marina-besos-1-300x169.jpg 300w, https:\/\/clubvoleibolsantadria.com\/wp-content\/uploads\/2024\/08\/marina-besos-1-1024x576.jpg 1024w, https:\/\/clubvoleibolsantadria.com\/wp-content\/uploads\/2024\/08\/marina-besos-1-18x10.jpg 18w, https:\/\/clubvoleibolsantadria.com\/wp-content\/uploads\/2024\/08\/marina-besos-1.jpg 1270w\" data-sizes=\"(max-width: 768px) 100vw, 768px\" src=\"data:image\/svg+xml;base64,PHN2ZyB3aWR0aD0iMSIgaGVpZ2h0PSIxIiB4bWxucz0iaHR0cDovL3d3dy53My5vcmcvMjAwMC9zdmciPjwvc3ZnPg==\" style=\"--smush-placeholder-width: 768px; --smush-placeholder-aspect-ratio: 768\/432;\" \/>\t\t\t\t\t\t\t\t\t\t\t\t\t\t\t<\/div>\n\t\t\t\t<\/div>\n\t\t\t\t<div class=\"elementor-element elementor-element-adf3e92 elementor-widget elementor-widget-text-editor\" data-id=\"adf3e92\" data-element_type=\"widget\" data-e-type=\"widget\" data-widget_type=\"text-editor.default\">\n\t\t\t\t<div class=\"elementor-widget-container\">\n\t\t\t\t\t\t\t\t\t<p><span class=\"LrzXr\">Calle de Dolores Ibarruri Pasionaria, s\/n<br \/><\/span><span class=\"LrzXr\">08930 Sant Adri\u00e0 de Bes\u00f2s, Barcelona<br \/><br \/><\/span><\/p>\t\t\t\t\t\t\t\t<\/div>\n\t\t\t\t<\/div>\n\t\t\t\t<section class=\"elementor-section elementor-inner-section elementor-element elementor-element-5816174 elementor-section-boxed elementor-section-height-default elementor-section-height-default\" data-id=\"5816174\" data-element_type=\"section\" data-e-type=\"section\" data-settings=\"{&quot;_ha_eqh_enable&quot;:false}\">\n\t\t\t\t\t\t<div class=\"elementor-container elementor-column-gap-custom\">\n\t\t\t\t\t<div class=\"elementor-column elementor-col-50 elementor-inner-column elementor-element elementor-element-d5f0947\" data-id=\"d5f0947\" data-element_type=\"column\" data-e-type=\"column\">\n\t\t\t<div class=\"elementor-widget-wrap elementor-element-populated\">\n\t\t\t\t\t\t<div class=\"elementor-element elementor-element-1fbdf3f elementor-view-default elementor-widget elementor-widget-icon\" data-id=\"1fbdf3f\" data-element_type=\"widget\" data-e-type=\"widget\" data-widget_type=\"icon.default\">\n\t\t\t\t<div class=\"elementor-widget-container\">\n\t\t\t\t\t\t\t<div class=\"elementor-icon-wrapper\">\n\t\t\t<a class=\"elementor-icon elementor-animation-grow\" href=\"https:\/\/goo.gl\/maps\/JUeNUnyLdopzmorG6\" target=\"_blank\">\n\t\t\t<i aria-hidden=\"true\" class=\"fas fa-map-marker-alt\"><\/i>\t\t\t<\/a>\n\t\t<\/div>\n\t\t\t\t\t\t<\/div>\n\t\t\t\t<\/div>\n\t\t\t\t\t<\/div>\n\t\t<\/div>\n\t\t\t\t<div class=\"elementor-column elementor-col-50 elementor-inner-column elementor-element elementor-element-0c4792b\" data-id=\"0c4792b\" data-element_type=\"column\" data-e-type=\"column\">\n\t\t\t<div class=\"elementor-widget-wrap elementor-element-populated\">\n\t\t\t\t\t\t<div class=\"elementor-element elementor-element-20fd8b0 elementor-widget elementor-widget-text-editor\" data-id=\"20fd8b0\" data-element_type=\"widget\" data-e-type=\"widget\" data-widget_type=\"text-editor.default\">\n\t\t\t\t<div class=\"elementor-widget-container\">\n\t\t\t\t\t\t\t\t\t<p><a href=\"https:\/\/goo.gl\/maps\/JUeNUnyLdopzmorG6\" target=\"_blank\" rel=\"noopener\">COMO LLEGAR<\/a><\/p>\t\t\t\t\t\t\t\t<\/div>\n\t\t\t\t<\/div>\n\t\t\t\t\t<\/div>\n\t\t<\/div>\n\t\t\t\t\t<\/div>\n\t\t<\/section>\n\t\t\t\t\t<\/div>\n\t\t<\/div>\n\t\t\t\t<div class=\"elementor-column elementor-col-50 elementor-top-column elementor-element elementor-element-39e0dbd\" data-id=\"39e0dbd\" data-element_type=\"column\" data-e-type=\"column\">\n\t\t\t<div class=\"elementor-widget-wrap elementor-element-populated\">\n\t\t\t\t\t\t<div class=\"elementor-element elementor-element-71c0bb0 elementor-widget elementor-widget-heading\" data-id=\"71c0bb0\" data-element_type=\"widget\" data-e-type=\"widget\" data-widget_type=\"heading.default\">\n\t\t\t\t<div class=\"elementor-widget-container\">\n\t\t\t\t\t<h5 class=\"elementor-heading-title elementor-size-default\">Pabell\u00f3n Ol\u00edmpico Municipal La Mina<\/h5>\t\t\t\t<\/div>\n\t\t\t\t<\/div>\n\t\t\t\t<div class=\"elementor-element elementor-element-372cefb elementor-widget elementor-widget-image\" data-id=\"372cefb\" data-element_type=\"widget\" data-e-type=\"widget\" data-widget_type=\"image.default\">\n\t\t\t\t<div class=\"elementor-widget-container\">\n\t\t\t\t\t\t\t\t\t\t\t\t\t\t\t<img decoding=\"async\" width=\"1024\" height=\"576\" data-src=\"https:\/\/clubvoleibolsantadria.com\/wp-content\/uploads\/2024\/08\/exterior-la-mina-1024x576.jpg\" class=\"attachment-large size-large wp-image-3645 lazyload\" alt=\"\" data-srcset=\"https:\/\/clubvoleibolsantadria.com\/wp-content\/uploads\/2024\/08\/exterior-la-mina-1024x576.jpg 1024w, https:\/\/clubvoleibolsantadria.com\/wp-content\/uploads\/2024\/08\/exterior-la-mina-300x169.jpg 300w, https:\/\/clubvoleibolsantadria.com\/wp-content\/uploads\/2024\/08\/exterior-la-mina-768x432.jpg 768w, https:\/\/clubvoleibolsantadria.com\/wp-content\/uploads\/2024\/08\/exterior-la-mina-18x10.jpg 18w, https:\/\/clubvoleibolsantadria.com\/wp-content\/uploads\/2024\/08\/exterior-la-mina.jpg 1270w\" data-sizes=\"(max-width: 1024px) 100vw, 1024px\" src=\"data:image\/svg+xml;base64,PHN2ZyB3aWR0aD0iMSIgaGVpZ2h0PSIxIiB4bWxucz0iaHR0cDovL3d3dy53My5vcmcvMjAwMC9zdmciPjwvc3ZnPg==\" style=\"--smush-placeholder-width: 1024px; --smush-placeholder-aspect-ratio: 1024\/576;\" \/>\t\t\t\t\t\t\t\t\t\t\t\t\t\t\t<\/div>\n\t\t\t\t<\/div>\n\t\t\t\t<div class=\"elementor-element elementor-element-2cabdc2 elementor-widget elementor-widget-image\" data-id=\"2cabdc2\" data-element_type=\"widget\" data-e-type=\"widget\" data-widget_type=\"image.default\">\n\t\t\t\t<div class=\"elementor-widget-container\">\n\t\t\t\t\t\t\t\t\t\t\t\t\t\t\t<img decoding=\"async\" width=\"1024\" height=\"576\" data-src=\"https:\/\/clubvoleibolsantadria.com\/wp-content\/uploads\/2024\/08\/la-mina-1-1024x576.jpg\" class=\"attachment-large size-large wp-image-3647 lazyload\" alt=\"\" data-srcset=\"https:\/\/clubvoleibolsantadria.com\/wp-content\/uploads\/2024\/08\/la-mina-1-1024x576.jpg 1024w, https:\/\/clubvoleibolsantadria.com\/wp-content\/uploads\/2024\/08\/la-mina-1-300x169.jpg 300w, https:\/\/clubvoleibolsantadria.com\/wp-content\/uploads\/2024\/08\/la-mina-1-768x432.jpg 768w, https:\/\/clubvoleibolsantadria.com\/wp-content\/uploads\/2024\/08\/la-mina-1-18x10.jpg 18w, https:\/\/clubvoleibolsantadria.com\/wp-content\/uploads\/2024\/08\/la-mina-1.jpg 1270w\" data-sizes=\"(max-width: 1024px) 100vw, 1024px\" src=\"data:image\/svg+xml;base64,PHN2ZyB3aWR0aD0iMSIgaGVpZ2h0PSIxIiB4bWxucz0iaHR0cDovL3d3dy53My5vcmcvMjAwMC9zdmciPjwvc3ZnPg==\" style=\"--smush-placeholder-width: 1024px; --smush-placeholder-aspect-ratio: 1024\/576;\" \/>\t\t\t\t\t\t\t\t\t\t\t\t\t\t\t<\/div>\n\t\t\t\t<\/div>\n\t\t\t\t<div class=\"elementor-element elementor-element-f60f18c elementor-widget elementor-widget-text-editor\" data-id=\"f60f18c\" data-element_type=\"widget\" data-e-type=\"widget\" data-widget_type=\"text-editor.default\">\n\t\t\t\t<div class=\"elementor-widget-container\">\n\t\t\t\t\t\t\t\t\t<p><span class=\"LrzXr\">Calle <\/span><span class=\"LrzXr\">de Ar\u00edstides Maillol, 1<br \/>08930 Sant Adri\u00e0 de Bes\u00f2s, Barcelona<br \/><br \/><\/span><\/p>\t\t\t\t\t\t\t\t<\/div>\n\t\t\t\t<\/div>\n\t\t\t\t<section class=\"elementor-section elementor-inner-section elementor-element elementor-element-ca8dfe7 elementor-section-boxed elementor-section-height-default elementor-section-height-default\" data-id=\"ca8dfe7\" data-element_type=\"section\" data-e-type=\"section\" data-settings=\"{&quot;_ha_eqh_enable&quot;:false}\">\n\t\t\t\t\t\t<div class=\"elementor-container elementor-column-gap-custom\">\n\t\t\t\t\t<div class=\"elementor-column elementor-col-50 elementor-inner-column elementor-element elementor-element-bcce76d\" data-id=\"bcce76d\" data-element_type=\"column\" data-e-type=\"column\">\n\t\t\t<div class=\"elementor-widget-wrap elementor-element-populated\">\n\t\t\t\t\t\t<div class=\"elementor-element elementor-element-36277bc elementor-view-default elementor-widget elementor-widget-icon\" data-id=\"36277bc\" data-element_type=\"widget\" data-e-type=\"widget\" data-widget_type=\"icon.default\">\n\t\t\t\t<div class=\"elementor-widget-container\">\n\t\t\t\t\t\t\t<div class=\"elementor-icon-wrapper\">\n\t\t\t<a class=\"elementor-icon elementor-animation-grow\" href=\"https:\/\/goo.gl\/maps\/nA1Y9iB4Gy1xUCRa8\" target=\"_blank\">\n\t\t\t<i aria-hidden=\"true\" class=\"fas fa-map-marker-alt\"><\/i>\t\t\t<\/a>\n\t\t<\/div>\n\t\t\t\t\t\t<\/div>\n\t\t\t\t<\/div>\n\t\t\t\t\t<\/div>\n\t\t<\/div>\n\t\t\t\t<div class=\"elementor-column elementor-col-50 elementor-inner-column elementor-element elementor-element-2018dc1\" data-id=\"2018dc1\" data-element_type=\"column\" data-e-type=\"column\">\n\t\t\t<div class=\"elementor-widget-wrap elementor-element-populated\">\n\t\t\t\t\t\t<div class=\"elementor-element elementor-element-c53a684 elementor-widget elementor-widget-text-editor\" data-id=\"c53a684\" data-element_type=\"widget\" data-e-type=\"widget\" data-widget_type=\"text-editor.default\">\n\t\t\t\t<div class=\"elementor-widget-container\">\n\t\t\t\t\t\t\t\t\t<p><a href=\"https:\/\/goo.gl\/maps\/nA1Y9iB4Gy1xUCRa8\" target=\"_blank\" rel=\"noopener\">COMO LLEGAR<\/a><\/p>\t\t\t\t\t\t\t\t<\/div>\n\t\t\t\t<\/div>\n\t\t\t\t\t<\/div>\n\t\t<\/div>\n\t\t\t\t\t<\/div>\n\t\t<\/section>\n\t\t\t\t\t<\/div>\n\t\t<\/div>\n\t\t\t\t\t<\/div>\n\t\t<\/section>\n\t\t\t\t<section class=\"elementor-section elementor-top-section elementor-element elementor-element-5417ced elementor-section-boxed elementor-section-height-default elementor-section-height-default\" data-id=\"5417ced\" data-element_type=\"section\" data-e-type=\"section\" data-settings=\"{&quot;_ha_eqh_enable&quot;:false}\">\n\t\t\t\t\t\t<div class=\"elementor-container elementor-column-gap-default\">\n\t\t\t\t\t<div class=\"elementor-column elementor-col-100 elementor-top-column elementor-element elementor-element-333dad8\" data-id=\"333dad8\" data-element_type=\"column\" data-e-type=\"column\">\n\t\t\t<div class=\"elementor-widget-wrap elementor-element-populated\">\n\t\t\t\t\t\t<div class=\"elementor-element elementor-element-794d2d8 elementor-widget elementor-widget-spacer\" data-id=\"794d2d8\" data-element_type=\"widget\" data-e-type=\"widget\" data-widget_type=\"spacer.default\">\n\t\t\t\t<div class=\"elementor-widget-container\">\n\t\t\t\t\t\t\t<div class=\"elementor-spacer\">\n\t\t\t<div class=\"elementor-spacer-inner\"><\/div>\n\t\t<\/div>\n\t\t\t\t\t\t<\/div>\n\t\t\t\t<\/div>\n\t\t\t\t\t<\/div>\n\t\t<\/div>\n\t\t\t\t\t<\/div>\n\t\t<\/section>\n\t\t\t\t<\/div>","protected":false},"excerpt":{"rendered":"<p>On som En la actualitat, el nostre club est\u00e0 format per 21 equips de diferents categories. Per a entrenaments i partits disposem actualment de dues instal\u00b7lacions poliesportives municipals a Sant Adri\u00e0 del Bes\u00f2s. El Poliesportiu Municipal Marina-Bes\u00f2s i el Pavell\u00f3 Ol\u00edmpic Municipal La Mina. Poliesportiu Municipal Marina-Bes\u00f2s Carrer de Dolores Ibarruri Pasionaria, s\/n08930 Sant Adri\u00e0 [&hellip;]<\/p>\n","protected":false},"author":2,"featured_media":0,"parent":0,"menu_order":0,"comment_status":"closed","ping_status":"closed","template":"","meta":{"footnotes":""},"class_list":["post-1269","page","type-page","status-publish","hentry"],"blocksy_meta":[],"_links":{"self":[{"href":"https:\/\/clubvoleibolsantadria.com\/es\/wp-json\/wp\/v2\/pages\/1269","targetHints":{"allow":["GET"]}}],"collection":[{"href":"https:\/\/clubvoleibolsantadria.com\/es\/wp-json\/wp\/v2\/pages"}],"about":[{"href":"https:\/\/clubvoleibolsantadria.com\/es\/wp-json\/wp\/v2\/types\/page"}],"author":[{"embeddable":true,"href":"https:\/\/clubvoleibolsantadria.com\/es\/wp-json\/wp\/v2\/users\/2"}],"replies":[{"embeddable":true,"href":"https:\/\/clubvoleibolsantadria.com\/es\/wp-json\/wp\/v2\/comments?post=1269"}],"version-history":[{"count":0,"href":"https:\/\/clubvoleibolsantadria.com\/es\/wp-json\/wp\/v2\/pages\/1269\/revisions"}],"wp:attachment":[{"href":"https:\/\/clubvoleibolsantadria.com\/es\/wp-json\/wp\/v2\/media?parent=1269"}],"curies":[{"name":"wp","href":"https:\/\/api.w.org\/{rel}","templated":true}]}}