{"id":227,"date":"2021-07-21T16:52:29","date_gmt":"2021-07-21T16:52:29","guid":{"rendered":"https:\/\/clubvoleibolsantadria.com\/?page_id=227"},"modified":"2024-08-11T21:41:45","modified_gmt":"2024-08-11T21:41:45","slug":"historia-i-projecte","status":"publish","type":"page","link":"https:\/\/clubvoleibolsantadria.com\/es\/historia-i-projecte\/","title":{"rendered":"Historia"},"content":{"rendered":"<div data-elementor-type=\"wp-page\" data-elementor-id=\"227\" class=\"elementor elementor-227\" data-elementor-settings=\"{&quot;ha_cmc_init_switcher&quot;:&quot;no&quot;}\" data-elementor-post-type=\"page\">\n\t\t\t\t\t\t<section class=\"elementor-section elementor-top-section elementor-element elementor-element-73a83cb3 elementor-section-boxed elementor-section-height-default elementor-section-height-default\" data-id=\"73a83cb3\" data-element_type=\"section\" data-e-type=\"section\" data-settings=\"{&quot;_ha_eqh_enable&quot;:false}\">\n\t\t\t\t\t\t<div class=\"elementor-container elementor-column-gap-default\">\n\t\t\t\t\t<div class=\"elementor-column elementor-col-100 elementor-top-column elementor-element elementor-element-2501fcda\" data-id=\"2501fcda\" data-element_type=\"column\" data-e-type=\"column\">\n\t\t\t<div class=\"elementor-widget-wrap elementor-element-populated\">\n\t\t\t\t\t\t<div class=\"elementor-element elementor-element-ceb5e43 elementor-widget elementor-widget-spacer\" data-id=\"ceb5e43\" data-element_type=\"widget\" data-e-type=\"widget\" data-widget_type=\"spacer.default\">\n\t\t\t\t<div class=\"elementor-widget-container\">\n\t\t\t\t\t\t\t<div class=\"elementor-spacer\">\n\t\t\t<div class=\"elementor-spacer-inner\"><\/div>\n\t\t<\/div>\n\t\t\t\t\t\t<\/div>\n\t\t\t\t<\/div>\n\t\t\t\t<div class=\"elementor-element elementor-element-5c5fc0f elementor-widget elementor-widget-heading\" data-id=\"5c5fc0f\" data-element_type=\"widget\" data-e-type=\"widget\" data-widget_type=\"heading.default\">\n\t\t\t\t<div class=\"elementor-widget-container\">\n\t\t\t\t\t<h2 class=\"elementor-heading-title elementor-size-default\">HISTORIA DEL CLUB<\/h2>\t\t\t\t<\/div>\n\t\t\t\t<\/div>\n\t\t\t\t<div class=\"elementor-element elementor-element-d8e6fea elementor-widget-divider--view-line elementor-widget elementor-widget-divider\" data-id=\"d8e6fea\" data-element_type=\"widget\" data-e-type=\"widget\" data-widget_type=\"divider.default\">\n\t\t\t\t<div class=\"elementor-widget-container\">\n\t\t\t\t\t\t\t<div class=\"elementor-divider\">\n\t\t\t<span class=\"elementor-divider-separator\">\n\t\t\t\t\t\t<\/span>\n\t\t<\/div>\n\t\t\t\t\t\t<\/div>\n\t\t\t\t<\/div>\n\t\t\t\t<div class=\"elementor-element elementor-element-5e62eff elementor-widget elementor-widget-text-editor\" data-id=\"5e62eff\" data-element_type=\"widget\" data-e-type=\"widget\" data-widget_type=\"text-editor.default\">\n\t\t\t\t<div class=\"elementor-widget-container\">\n\t\t\t\t\t\t\t\t\t<p>El Club Voleibol Sant Adri\u00e0 va ser fundat al juny de 2009 gr\u00e0cies a la iniciativa de l\u2019entrenador d\u2019un equip escolar d\u2019una escola a Sant Adri\u00e0. A causa de la impossibilitat de continuar practicant a l\u2019escola, es va gestionar, a trav\u00e9s de l\u2019ajuntament, l\u2019obtenci\u00f3 d\u2019una pista al Poliesportiu Marina Bes\u00f2s, on es va fundar el club amb un equip federat anomenat Club Voleibol Sant Adri\u00e0, que ja compta amb de 15 anys d\u2019hist\u00f2ria.<\/p><p>En 2011, el presidente y fundador del club tuvo que dejar su cargo. Para evitar la desaparici\u00f3n del club, el equipo senior femenino de aquel momento asumi\u00f3 la responsabilidad, con una de las jugadoras como presidenta y el resto formando parte de la junta directiva.<\/p><p>Durant els dos anys seg\u00fcents, el club va mantenir l\u2019estructura del president anterior. No obstant aix\u00f2, en el tercer any, l\u2019equip va desapar\u00e8ixer, per\u00f2 es va crear un equip alev\u00ed en categoria escolar que va mantenir viu el club. Durant les dues temporades seg\u00fcents, el club va cr\u00e9ixer en nombre de jugadores i equips. A la temporada 2016-2017, es va decidir federar novament un dels equips. A la temporada 2019-2020, a causa del creixement del club, es va incorporar la figura de director t\u00e8cnic per a una millor gesti\u00f3 i organitzaci\u00f3, i es va comen\u00e7ar a crear un model de joc per seguir creixent any rere any. A m\u00e9s, es va iniciar un treball a les escoles per promoure i atreure m\u00e9s nens, nenes, joves i adults, de tots dos sexes.<\/p><p>En 2020, el club sufri\u00f3 un duro golpe a causa de la pandemia mundial de Covid-19, que oblig\u00f3 a detener todas las actividades y, por lo tanto, a no contar con ingresos para sostener la continuidad del proyecto. Sin embargo, gracias a las iniciativas de la direcci\u00f3n t\u00e9cnica y los entrenadores, y con el apoyo de la junta directiva, se logr\u00f3 revertir la situaci\u00f3n y ofrecer un tipo de entretenimiento diferente para todos los equipos del club. Ese mismo a\u00f1o, se organiz\u00f3 el primer campus de verano con gran \u00e9xito, a pesar de la complejidad de los protocolos derivados del Covid-19.<\/p><p>La temporada 2020-2021 fue muy diferente y dif\u00edcil, pero con mucho esfuerzo, sacrificio, dedicaci\u00f3n y la ayuda de todos los integrantes de la 'Familia Lila', se logr\u00f3 salir adelante. La temporada finaliz\u00f3 con el mayor crecimiento en jugadoras y jugadores de la historia del club, formando as\u00ed la rama masculina con nada m\u00e1s y nada menos que cuatro equipos.<\/p><p>Al finalizar la temporada, la presidenta del club, tras muchos a\u00f1os, dej\u00f3 su cargo, y una nueva presidenta asumi\u00f3 la direcci\u00f3n junto con su junta directiva, llena de ilusi\u00f3n e ideas nuevas para continuar con el crecimiento y el proyecto del club, llevando el nombre del Club Voleibol Sant Adri\u00e0 a lo m\u00e1s alto del voleibol catal\u00e1n y de la ciudad.<\/p><p>La temporada 2021-2022 comenz\u00f3 con cinco equipos m\u00e1s que el a\u00f1o anterior, cuatro de ellos masculinos, duplicando el n\u00famero de jugadores y jugadoras respecto a la temporada anterior, y entrenando en dos polideportivos distintos: el Polideportivo Marina Bes\u00f2s y el Pabell\u00f3n Ol\u00edmpico Municipal La Mina.<\/p>\t\t\t\t\t\t\t\t<\/div>\n\t\t\t\t<\/div>\n\t\t\t\t<div class=\"elementor-element elementor-element-0072a97 elementor-widget elementor-widget-spacer\" data-id=\"0072a97\" data-element_type=\"widget\" data-e-type=\"widget\" data-widget_type=\"spacer.default\">\n\t\t\t\t<div class=\"elementor-widget-container\">\n\t\t\t\t\t\t\t<div class=\"elementor-spacer\">\n\t\t\t<div class=\"elementor-spacer-inner\"><\/div>\n\t\t<\/div>\n\t\t\t\t\t\t<\/div>\n\t\t\t\t<\/div>\n\t\t\t\t\t<\/div>\n\t\t<\/div>\n\t\t\t\t\t<\/div>\n\t\t<\/section>\n\t\t\t\t<\/div>","protected":false},"excerpt":{"rendered":"<p>HIST\u00d2RIA DEL CLUB El Club Voleibol Sant Adri\u00e0 va ser fundat al juny de 2009 gr\u00e0cies a la iniciativa de l\u2019entrenador d\u2019un equip escolar d\u2019una escola a Sant Adri\u00e0. A causa de la impossibilitat de continuar practicant a l\u2019escola, es va gestionar, a trav\u00e9s de l\u2019ajuntament, l\u2019obtenci\u00f3 d\u2019una pista al Poliesportiu Marina Bes\u00f2s, on es [&hellip;]<\/p>\n","protected":false},"author":2,"featured_media":0,"parent":0,"menu_order":0,"comment_status":"closed","ping_status":"closed","template":"","meta":{"footnotes":""},"class_list":["post-227","page","type-page","status-publish","hentry"],"blocksy_meta":[],"_links":{"self":[{"href":"https:\/\/clubvoleibolsantadria.com\/es\/wp-json\/wp\/v2\/pages\/227","targetHints":{"allow":["GET"]}}],"collection":[{"href":"https:\/\/clubvoleibolsantadria.com\/es\/wp-json\/wp\/v2\/pages"}],"about":[{"href":"https:\/\/clubvoleibolsantadria.com\/es\/wp-json\/wp\/v2\/types\/page"}],"author":[{"embeddable":true,"href":"https:\/\/clubvoleibolsantadria.com\/es\/wp-json\/wp\/v2\/users\/2"}],"replies":[{"embeddable":true,"href":"https:\/\/clubvoleibolsantadria.com\/es\/wp-json\/wp\/v2\/comments?post=227"}],"version-history":[{"count":0,"href":"https:\/\/clubvoleibolsantadria.com\/es\/wp-json\/wp\/v2\/pages\/227\/revisions"}],"wp:attachment":[{"href":"https:\/\/clubvoleibolsantadria.com\/es\/wp-json\/wp\/v2\/media?parent=227"}],"curies":[{"name":"wp","href":"https:\/\/api.w.org\/{rel}","templated":true}]}}