{"id":3236,"date":"2024-04-27T10:37:08","date_gmt":"2024-04-27T10:37:08","guid":{"rendered":"https:\/\/clubvoleibolsantadria.com\/?page_id=3236"},"modified":"2024-08-11T07:17:10","modified_gmt":"2024-08-11T07:17:10","slug":"historia-i-projecte-2","status":"publish","type":"page","link":"https:\/\/clubvoleibolsantadria.com\/es\/historia-i-projecte-2\/","title":{"rendered":"Proyecto"},"content":{"rendered":"<div data-elementor-type=\"wp-page\" data-elementor-id=\"3236\" class=\"elementor elementor-3236\" data-elementor-settings=\"{&quot;ha_cmc_init_switcher&quot;:&quot;no&quot;}\" data-elementor-post-type=\"page\">\n\t\t\t\t\t\t<section class=\"elementor-section elementor-top-section elementor-element elementor-element-73a83cb3 elementor-section-boxed elementor-section-height-default elementor-section-height-default\" data-id=\"73a83cb3\" data-element_type=\"section\" data-e-type=\"section\" data-settings=\"{&quot;_ha_eqh_enable&quot;:false}\">\n\t\t\t\t\t\t<div class=\"elementor-container elementor-column-gap-default\">\n\t\t\t\t\t<div class=\"elementor-column elementor-col-100 elementor-top-column elementor-element elementor-element-2501fcda\" data-id=\"2501fcda\" data-element_type=\"column\" data-e-type=\"column\">\n\t\t\t<div class=\"elementor-widget-wrap elementor-element-populated\">\n\t\t\t\t\t\t<div class=\"elementor-element elementor-element-ceb5e43 elementor-widget elementor-widget-spacer\" data-id=\"ceb5e43\" data-element_type=\"widget\" data-e-type=\"widget\" data-widget_type=\"spacer.default\">\n\t\t\t\t<div class=\"elementor-widget-container\">\n\t\t\t\t\t\t\t<div class=\"elementor-spacer\">\n\t\t\t<div class=\"elementor-spacer-inner\"><\/div>\n\t\t<\/div>\n\t\t\t\t\t\t<\/div>\n\t\t\t\t<\/div>\n\t\t\t\t<div class=\"elementor-element elementor-element-5c5fc0f elementor-widget elementor-widget-heading\" data-id=\"5c5fc0f\" data-element_type=\"widget\" data-e-type=\"widget\" data-widget_type=\"heading.default\">\n\t\t\t\t<div class=\"elementor-widget-container\">\n\t\t\t\t\t<h2 class=\"elementor-heading-title elementor-size-default\">PROYECTO DEL CLUB<\/h2>\t\t\t\t<\/div>\n\t\t\t\t<\/div>\n\t\t\t\t<div class=\"elementor-element elementor-element-d8e6fea elementor-widget-divider--view-line elementor-widget elementor-widget-divider\" data-id=\"d8e6fea\" data-element_type=\"widget\" data-e-type=\"widget\" data-widget_type=\"divider.default\">\n\t\t\t\t<div class=\"elementor-widget-container\">\n\t\t\t\t\t\t\t<div class=\"elementor-divider\">\n\t\t\t<span class=\"elementor-divider-separator\">\n\t\t\t\t\t\t<\/span>\n\t\t<\/div>\n\t\t\t\t\t\t<\/div>\n\t\t\t\t<\/div>\n\t\t\t\t<div class=\"elementor-element elementor-element-9d56067 elementor-widget elementor-widget-heading\" data-id=\"9d56067\" data-element_type=\"widget\" data-e-type=\"widget\" data-widget_type=\"heading.default\">\n\t\t\t\t<div class=\"elementor-widget-container\">\n\t\t\t\t\t<h3 class=\"elementor-heading-title elementor-size-default\">Territorio y comunidad<\/h3>\t\t\t\t<\/div>\n\t\t\t\t<\/div>\n\t\t\t\t<div class=\"elementor-element elementor-element-5e62eff elementor-widget elementor-widget-text-editor\" data-id=\"5e62eff\" data-element_type=\"widget\" data-e-type=\"widget\" data-widget_type=\"text-editor.default\">\n\t\t\t\t<div class=\"elementor-widget-container\">\n\t\t\t\t\t\t\t\t\t<p>Sant Adri\u00e0 del Bes\u00f3s \u00e9s un municipi que t\u00e9 m\u00e9s de 37. 906 habitants (agost 2024-Indescat), la qual cosa d\u00f3na \u00e0mplies possibilitats de captaci\u00f3 de possibles esportistes. Per a aix\u00f2, s\u2019haurien de racionalitzar millor les instal\u00b7lacions esportives disponibles, a m\u00e9s d\u2019afegir la possibilitat d\u2019utilitzar gimnasos escolars.<br \/>La no acumulaci\u00f3 d\u2019esports col\u00b7lectius a un alt nivell o capa\u00e7 de tenir un efecte medi\u00e0tic a la ciutat ens iguala a la resta pel que fa al punt de partida, cosa que cal aprofitar per establir un projecte s\u00f2lid que ens permeti no nom\u00e9s cr\u00e9ixer sin\u00f3 tamb\u00e9 ser un referent socioesportiu a la ciutat.<\/p>\t\t\t\t\t\t\t\t<\/div>\n\t\t\t\t<\/div>\n\t\t\t\t<div class=\"elementor-element elementor-element-3b44fe0 elementor-widget elementor-widget-heading\" data-id=\"3b44fe0\" data-element_type=\"widget\" data-e-type=\"widget\" data-widget_type=\"heading.default\">\n\t\t\t\t<div class=\"elementor-widget-container\">\n\t\t\t\t\t<h3 class=\"elementor-heading-title elementor-size-default\">\u00c0mbit d'actuaci\u00f3<\/h3>\t\t\t\t<\/div>\n\t\t\t\t<\/div>\n\t\t\t\t<div class=\"elementor-element elementor-element-adc5cd2 elementor-widget elementor-widget-text-editor\" data-id=\"adc5cd2\" data-element_type=\"widget\" data-e-type=\"widget\" data-widget_type=\"text-editor.default\">\n\t\t\t\t<div class=\"elementor-widget-container\">\n\t\t\t\t\t\t\t\t\t<p>L\u2019abast del projecte esportiu que es pret\u00e9n dur a terme abasta tots els equips que el Club Voleibol Sant Adri\u00e0 presenta per a la present temporada i, per tant, tots els\/les esportistes i entrenadors\/es que hi pertanyen. En definitiva, acull el control de tota la parcel\u00b7la esportiva, sempre sota la depend\u00e8ncia de les decisions que la junta directiva pugui prendre respecte al funcionament del propi club.<\/p>\t\t\t\t\t\t\t\t<\/div>\n\t\t\t\t<\/div>\n\t\t\t\t<div class=\"elementor-element elementor-element-11bb159 elementor-widget elementor-widget-heading\" data-id=\"11bb159\" data-element_type=\"widget\" data-e-type=\"widget\" data-widget_type=\"heading.default\">\n\t\t\t\t<div class=\"elementor-widget-container\">\n\t\t\t\t\t<h3 class=\"elementor-heading-title elementor-size-default\">Justificaci\u00f3n<\/h3>\t\t\t\t<\/div>\n\t\t\t\t<\/div>\n\t\t\t\t<div class=\"elementor-element elementor-element-1c27868 elementor-widget elementor-widget-text-editor\" data-id=\"1c27868\" data-element_type=\"widget\" data-e-type=\"widget\" data-widget_type=\"text-editor.default\">\n\t\t\t\t<div class=\"elementor-widget-container\">\n\t\t\t\t\t\t\t\t\t<p>El volum de jugadors\/es que actualment formen part del Club Voleibol Sant Adri\u00e0, aix\u00ed com el nombre d\u2019equips existents, un total de 20, fan necessari planificar amb detall les tasques a realitzar per saber qu\u00e8, com i quan ho farem. La seva import\u00e0ncia \u00e9s m\u00e0xima per poder proposar i assolir objectius i poder donar a cada jugador\/a el que necessita per fer cr\u00e9ixer l\u2019esport i sobretot personalment, aix\u00ed com poder dotar els entrenadors\/es de les eines necess\u00e0ries per a aix\u00f2.<br \/>D\u2019altra banda, \u00e9s vital crear i estructurar un model de joc que serveixi d\u2019identificaci\u00f3 tant internament com externament. En aix\u00f2, hem de situar cada equip en la seva fase corresponent per aconseguir una evoluci\u00f3 l\u00f2gica i efectiva. Tots els\/les membres del club s\u2019han de sentir part d\u2019aix\u00f2.<\/p>\t\t\t\t\t\t\t\t<\/div>\n\t\t\t\t<\/div>\n\t\t\t\t<div class=\"elementor-element elementor-element-3242f12 elementor-widget elementor-widget-heading\" data-id=\"3242f12\" data-element_type=\"widget\" data-e-type=\"widget\" data-widget_type=\"heading.default\">\n\t\t\t\t<div class=\"elementor-widget-container\">\n\t\t\t\t\t<h3 class=\"elementor-heading-title elementor-size-default\">Cultura i filosofia del club<\/h3>\t\t\t\t<\/div>\n\t\t\t\t<\/div>\n\t\t\t\t<div class=\"elementor-element elementor-element-e6758d1 elementor-widget elementor-widget-text-editor\" data-id=\"e6758d1\" data-element_type=\"widget\" data-e-type=\"widget\" data-widget_type=\"text-editor.default\">\n\t\t\t\t<div class=\"elementor-widget-container\">\n\t\t\t\t\t\t\t\t\t<p>Un club que suma al seu projecte esportiu un altre de car\u00e0cter social, ja que a la zona on s\u2019ubica ser\u00e0 de gran import\u00e0ncia la promoci\u00f3 i desenvolupament d\u2019activitats que potenci\u00efn el voleibol a Sant Adri\u00e0 del Bes\u00f3s (voleibol als parcs, activitats escolars\u2026) i el club com a tal (\u201ctrobades\u201d de base, tornejos, fases finals\u2026). Treballarem per ser referents esportius.<br \/>Molt connectat a les xarxes socials i actiu, t\u00e9 molta cura de la seva imatge, arribant a centenars de persones a trav\u00e9s de Facebook, Instagram o la nostra p\u00e0gina web, per informar sobre horaris, resultats, esdeveniments \u2026 Per aix\u00f2, \u00e9s important, per part dels entrenadors\/es, un estil molt comunicatiu i social, que respongui a les demandes de pares\/mares i aficionats\/es d\u2019estar informats i rebre inputs dels equips i del club.<\/p>\t\t\t\t\t\t\t\t<\/div>\n\t\t\t\t<\/div>\n\t\t\t\t<div class=\"elementor-element elementor-element-8e65e9a elementor-widget elementor-widget-heading\" data-id=\"8e65e9a\" data-element_type=\"widget\" data-e-type=\"widget\" data-widget_type=\"heading.default\">\n\t\t\t\t<div class=\"elementor-widget-container\">\n\t\t\t\t\t<h3 class=\"elementor-heading-title elementor-size-default\">Valors<\/h3>\t\t\t\t<\/div>\n\t\t\t\t<\/div>\n\t\t\t\t<div class=\"elementor-element elementor-element-41e0b51 elementor-widget elementor-widget-text-editor\" data-id=\"41e0b51\" data-element_type=\"widget\" data-e-type=\"widget\" data-widget_type=\"text-editor.default\">\n\t\t\t\t<div class=\"elementor-widget-container\">\n\t\t\t\t\t\t\t\t\t<p>Respecte, esfor\u00e7, companyia, rendici\u00f3 de comptes, conviv\u00e8ncia, llibertat. En l\u2019\u00e0mbit del nostre club el respecte \u00e9s la puntualitat, la humilitat, la responsabilitat i el respecte a la llibertat de l\u2019empresa, \u00e9s una competici\u00f3 sana i justa.<br \/>El respecte \u00e9s, per tant, un valor suprem i el principi m\u00e9s important \u00e9s la base de l\u2019harmonia social, l\u2019ess\u00e8ncia de les relacions entre jugadors\/es, entrenadors\/es, directius\/es, \u00e0rbitres, oponents i socis en general. La comuni\u00f3 per a nosaltres es forjar\u00e0 amb solidaritat dins i fora de la pista.<br \/>En el voleibol, com en la vida, l\u2019esperit de sacrifici no s\u2019aconsegueix amb bones intencions, sin\u00f3 amb l\u2019esfor\u00e7 continu per millorar i desenvolupar la vocaci\u00f3 de servei i comprom\u00eds amb l\u2019equip i amb els objectius del Club en general.<\/p>\t\t\t\t\t\t\t\t<\/div>\n\t\t\t\t<\/div>\n\t\t\t\t<div class=\"elementor-element elementor-element-1013f97 elementor-widget elementor-widget-heading\" data-id=\"1013f97\" data-element_type=\"widget\" data-e-type=\"widget\" data-widget_type=\"heading.default\">\n\t\t\t\t<div class=\"elementor-widget-container\">\n\t\t\t\t\t<h3 class=\"elementor-heading-title elementor-size-default\">Detecci\u00f3 de necessitats, prioritzaci\u00f3<\/h3>\t\t\t\t<\/div>\n\t\t\t\t<\/div>\n\t\t\t\t<div class=\"elementor-element elementor-element-44c4a79 elementor-widget elementor-widget-text-editor\" data-id=\"44c4a79\" data-element_type=\"widget\" data-e-type=\"widget\" data-widget_type=\"text-editor.default\">\n\t\t\t\t<div class=\"elementor-widget-container\">\n\t\t\t\t\t\t\t\t\t<p>Entre les necessitats detectades n\u2019hi ha una que ser\u00e0 objecte de prioritat per la seva import\u00e0ncia: la creaci\u00f3 i implementaci\u00f3 d\u2019una planificaci\u00f3 general d\u2019objectius per a cada equip, de manera que al final de la temporada tots els equips i els seus membres hagin adquirit les habilitats necess\u00e0ries per continuar amb la seva formaci\u00f3 i, aquells jugadors\/es que canvi\u00efn de categoria s\u2019hi puguin adaptar de forma gradual i lineal.<br \/>D\u2019altra banda, \u00e9s necessari i de vital import\u00e0ncia passar de tenir \u201centrenadors\/es\u201da disposar d\u2019un \u201cequip t\u00e8cnic\u201d, la qual cosa implica una comunicaci\u00f3 major i m\u00e9s flu\u00efda i, per tant, con\u00e8ixer adequadament el projecte esportiu del club, aix\u00ed com el model de joc i la fase en qu\u00e8 es troba, per tal d\u2019entendre cadascun dels objectius de cadascun dels equips.<br \/>Una altra de les necessitats detectades \u00e9s establir vincles d\u2019uni\u00f3 entre els equips i fer tant part\u00edcips als m\u00e9s joves en l\u2019activitat esportiva dels\/es grans com, sobretot, impliquin aquest \u00faltim en el creixement esportiu i personal del primer.<\/p>\t\t\t\t\t\t\t\t<\/div>\n\t\t\t\t<\/div>\n\t\t\t\t<div class=\"elementor-element elementor-element-46a0fcd elementor-widget elementor-widget-heading\" data-id=\"46a0fcd\" data-element_type=\"widget\" data-e-type=\"widget\" data-widget_type=\"heading.default\">\n\t\t\t\t<div class=\"elementor-widget-container\">\n\t\t\t\t\t<h3 class=\"elementor-heading-title elementor-size-default\">Situaci\u00f3 davant els nostres competidors (esportius i socials)<\/h3>\t\t\t\t<\/div>\n\t\t\t\t<\/div>\n\t\t\t\t<div class=\"elementor-element elementor-element-83ec3a6 elementor-widget elementor-widget-heading\" data-id=\"83ec3a6\" data-element_type=\"widget\" data-e-type=\"widget\" data-widget_type=\"heading.default\">\n\t\t\t\t<div class=\"elementor-widget-container\">\n\t\t\t\t\t<h5 class=\"elementor-heading-title elementor-size-default\">A nivel de Club<\/h5>\t\t\t\t<\/div>\n\t\t\t\t<\/div>\n\t\t\t\t<div class=\"elementor-element elementor-element-7ce4f86 elementor-widget elementor-widget-text-editor\" data-id=\"7ce4f86\" data-element_type=\"widget\" data-e-type=\"widget\" data-widget_type=\"text-editor.default\">\n\t\t\t\t<div class=\"elementor-widget-container\">\n\t\t\t\t\t\t\t\t\t<p>Com hem dit abans, el C.V. Sant Adri\u00e0 t\u00e9 una poblaci\u00f3 d\u2019aproximadament 37.906 habitants. Dins de la ciutat \u00e9s l\u2019\u00fanic club que desenvolupa aquesta activitat.<br \/>La competici\u00f3 m\u00e9s directa per aconseguir el creixement com a club, \u00e9s sobre altres esports, concretament el B\u00e0squet, per la qual cosa es tracta de seduir els nens i nenes perqu\u00e8 s\u2019acostin a la pr\u00e0ctica del nostre esport. Aix\u00f2 ha influ\u00eft directament en el projecte de promoci\u00f3 i contractaci\u00f3, fent-lo atractiu i divertit perqu\u00e8 generi un impacte d\u2019atracci\u00f3 en els nens.<br \/>Dins de l\u2019\u00e0mbit federatiu tenim competici\u00f3 en ciutats properes com Tiana, Premi\u00e0, Vilassar, \u2026 fins i tot Barcelona. Per\u00f2 apostem per posicionar-nos cada any millor pel que fa als nostres nivells de desenvolupament i competici\u00f3, per tal d\u2019atraure jugadors\/es que vulguin integrar els nostres equips.<\/p>\t\t\t\t\t\t\t\t<\/div>\n\t\t\t\t<\/div>\n\t\t\t\t<div class=\"elementor-element elementor-element-b2cf7bd elementor-widget elementor-widget-heading\" data-id=\"b2cf7bd\" data-element_type=\"widget\" data-e-type=\"widget\" data-widget_type=\"heading.default\">\n\t\t\t\t<div class=\"elementor-widget-container\">\n\t\t\t\t\t<h5 class=\"elementor-heading-title elementor-size-default\">A nivell d'equip<\/h5>\t\t\t\t<\/div>\n\t\t\t\t<\/div>\n\t\t\t\t<div class=\"elementor-element elementor-element-498af8e elementor-widget elementor-widget-text-editor\" data-id=\"498af8e\" data-element_type=\"widget\" data-e-type=\"widget\" data-widget_type=\"text-editor.default\">\n\t\t\t\t<div class=\"elementor-widget-container\">\n\t\t\t\t\t\t\t\t\t<p>Tots els nostres equips es troben en les seves categories m\u00e9s baixes i a causa de la gran incorporaci\u00f3 i renovaci\u00f3 de jugadors\/es a tots els equips, l\u2019objectiu marcat per aquests equips \u00e9s el creixement individual i col\u00b7lectiu per seguir creixent en aquest esport dins de la seva planificaci\u00f3 i objectius establerts a l\u2019inici de la temporada i poder instal\u00b7lar-se en voleibol catal\u00e0 al llarg dels anys per apropar-se als nostres competidors m\u00e9s propers geogr\u00e0ficament com, Premi\u00e0 o Vilassar, que a nivell de club, estan un pas per sobre, amb equips en categories superiors que poden atreure m\u00e9s davant de jugadors\/es m\u00e9s formats i d\u2019un nivell superior.<\/p>\t\t\t\t\t\t\t\t<\/div>\n\t\t\t\t<\/div>\n\t\t\t\t<div class=\"elementor-element elementor-element-db33a11 elementor-widget elementor-widget-spacer\" data-id=\"db33a11\" data-element_type=\"widget\" data-e-type=\"widget\" data-widget_type=\"spacer.default\">\n\t\t\t\t<div class=\"elementor-widget-container\">\n\t\t\t\t\t\t\t<div class=\"elementor-spacer\">\n\t\t\t<div class=\"elementor-spacer-inner\"><\/div>\n\t\t<\/div>\n\t\t\t\t\t\t<\/div>\n\t\t\t\t<\/div>\n\t\t\t\t\t<\/div>\n\t\t<\/div>\n\t\t\t\t\t<\/div>\n\t\t<\/section>\n\t\t\t\t<\/div>","protected":false},"excerpt":{"rendered":"<p>PROJECTE DEL CLUB Territori i comunitat Sant Adri\u00e0 del Bes\u00f3s \u00e9s un municipi que t\u00e9 m\u00e9s de 37. 906 habitants (agost 2024-Indescat), la qual cosa d\u00f3na \u00e0mplies possibilitats de captaci\u00f3 de possibles esportistes. Per a aix\u00f2, s\u2019haurien de racionalitzar millor les instal\u00b7lacions esportives disponibles, a m\u00e9s d\u2019afegir la possibilitat d\u2019utilitzar gimnasos escolars.La no acumulaci\u00f3 d\u2019esports [&hellip;]<\/p>\n","protected":false},"author":2,"featured_media":0,"parent":0,"menu_order":0,"comment_status":"closed","ping_status":"closed","template":"","meta":{"footnotes":""},"class_list":["post-3236","page","type-page","status-publish","hentry"],"blocksy_meta":[],"_links":{"self":[{"href":"https:\/\/clubvoleibolsantadria.com\/es\/wp-json\/wp\/v2\/pages\/3236","targetHints":{"allow":["GET"]}}],"collection":[{"href":"https:\/\/clubvoleibolsantadria.com\/es\/wp-json\/wp\/v2\/pages"}],"about":[{"href":"https:\/\/clubvoleibolsantadria.com\/es\/wp-json\/wp\/v2\/types\/page"}],"author":[{"embeddable":true,"href":"https:\/\/clubvoleibolsantadria.com\/es\/wp-json\/wp\/v2\/users\/2"}],"replies":[{"embeddable":true,"href":"https:\/\/clubvoleibolsantadria.com\/es\/wp-json\/wp\/v2\/comments?post=3236"}],"version-history":[{"count":0,"href":"https:\/\/clubvoleibolsantadria.com\/es\/wp-json\/wp\/v2\/pages\/3236\/revisions"}],"wp:attachment":[{"href":"https:\/\/clubvoleibolsantadria.com\/es\/wp-json\/wp\/v2\/media?parent=3236"}],"curies":[{"name":"wp","href":"https:\/\/api.w.org\/{rel}","templated":true}]}}