{"id":3251,"date":"2024-04-27T11:00:36","date_gmt":"2024-04-27T11:00:36","guid":{"rendered":"https:\/\/clubvoleibolsantadria.com\/?page_id=3251"},"modified":"2026-02-11T11:23:04","modified_gmt":"2026-02-11T11:23:04","slug":"directiva","status":"publish","type":"page","link":"https:\/\/clubvoleibolsantadria.com\/es\/directiva\/","title":{"rendered":"Directiva"},"content":{"rendered":"<div data-elementor-type=\"wp-page\" data-elementor-id=\"3251\" class=\"elementor elementor-3251\" data-elementor-settings=\"{&quot;ha_cmc_init_switcher&quot;:&quot;no&quot;}\" data-elementor-post-type=\"page\">\n\t\t\t\t\t\t<section class=\"elementor-section elementor-top-section elementor-element elementor-element-3ccc161 elementor-section-boxed elementor-section-height-default elementor-section-height-default\" data-id=\"3ccc161\" data-element_type=\"section\" data-e-type=\"section\" data-settings=\"{&quot;_ha_eqh_enable&quot;:false}\">\n\t\t\t\t\t\t<div class=\"elementor-container elementor-column-gap-default\">\n\t\t\t\t\t<div class=\"elementor-column elementor-col-100 elementor-top-column elementor-element elementor-element-7ca0655\" data-id=\"7ca0655\" data-element_type=\"column\" data-e-type=\"column\">\n\t\t\t<div class=\"elementor-widget-wrap elementor-element-populated\">\n\t\t\t\t\t\t<div class=\"elementor-element elementor-element-571f9d6 elementor-widget elementor-widget-spacer\" data-id=\"571f9d6\" data-element_type=\"widget\" data-e-type=\"widget\" data-widget_type=\"spacer.default\">\n\t\t\t\t<div class=\"elementor-widget-container\">\n\t\t\t\t\t\t\t<div class=\"elementor-spacer\">\n\t\t\t<div class=\"elementor-spacer-inner\"><\/div>\n\t\t<\/div>\n\t\t\t\t\t\t<\/div>\n\t\t\t\t<\/div>\n\t\t\t\t<div class=\"elementor-element elementor-element-5466901 elementor-widget elementor-widget-heading\" data-id=\"5466901\" data-element_type=\"widget\" data-e-type=\"widget\" data-widget_type=\"heading.default\">\n\t\t\t\t<div class=\"elementor-widget-container\">\n\t\t\t\t\t<h2 class=\"elementor-heading-title elementor-size-default\">JUNTA DIRECTIVA<\/h2>\t\t\t\t<\/div>\n\t\t\t\t<\/div>\n\t\t\t\t<div class=\"elementor-element elementor-element-b7ae4f5 elementor-widget-divider--view-line elementor-widget elementor-widget-divider\" data-id=\"b7ae4f5\" data-element_type=\"widget\" data-e-type=\"widget\" data-widget_type=\"divider.default\">\n\t\t\t\t<div class=\"elementor-widget-container\">\n\t\t\t\t\t\t\t<div class=\"elementor-divider\">\n\t\t\t<span class=\"elementor-divider-separator\">\n\t\t\t\t\t\t<\/span>\n\t\t<\/div>\n\t\t\t\t\t\t<\/div>\n\t\t\t\t<\/div>\n\t\t\t\t\t<\/div>\n\t\t<\/div>\n\t\t\t\t\t<\/div>\n\t\t<\/section>\n\t\t\t\t<section class=\"elementor-section elementor-top-section elementor-element elementor-element-58ad745 elementor-section-boxed elementor-section-height-default elementor-section-height-default\" data-id=\"58ad745\" data-element_type=\"section\" data-e-type=\"section\" data-settings=\"{&quot;background_background&quot;:&quot;classic&quot;,&quot;_ha_eqh_enable&quot;:false}\">\n\t\t\t\t\t\t<div class=\"elementor-container elementor-column-gap-default\">\n\t\t\t\t\t<div class=\"elementor-column elementor-col-33 elementor-top-column elementor-element elementor-element-c0b7573\" data-id=\"c0b7573\" data-element_type=\"column\" data-e-type=\"column\">\n\t\t\t<div class=\"elementor-widget-wrap\">\n\t\t\t\t\t\t\t<\/div>\n\t\t<\/div>\n\t\t\t\t<div class=\"elementor-column elementor-col-33 elementor-top-column elementor-element elementor-element-42e6d50\" data-id=\"42e6d50\" data-element_type=\"column\" data-e-type=\"column\">\n\t\t\t<div class=\"elementor-widget-wrap elementor-element-populated\">\n\t\t\t\t\t\t<div class=\"elementor-element elementor-element-21e8c90 elementor-widget elementor-widget-pp-team-member\" data-id=\"21e8c90\" data-element_type=\"widget\" data-e-type=\"widget\" data-widget_type=\"pp-team-member.default\">\n\t\t\t\t<div class=\"elementor-widget-container\">\n\t\t\t\t\t\t\t<div class=\"pp-tm-wrapper\">\n\t\t\t<div class=\"pp-tm\">\n\t\t\t\t<div class=\"pp-tm-image\"> \n\t\t\t\t\t<img fetchpriority=\"high\" decoding=\"async\" width=\"300\" height=\"300\" src=\"https:\/\/clubvoleibolsantadria.com\/wp-content\/uploads\/2024\/04\/noe-300x300.png\" class=\"attachment-medium size-medium wp-image-3260\" alt=\"\" srcset=\"https:\/\/clubvoleibolsantadria.com\/wp-content\/uploads\/2024\/04\/noe-300x300.png 300w, https:\/\/clubvoleibolsantadria.com\/wp-content\/uploads\/2024\/04\/noe-150x150.png 150w, https:\/\/clubvoleibolsantadria.com\/wp-content\/uploads\/2024\/04\/noe-768x768.png 768w, https:\/\/clubvoleibolsantadria.com\/wp-content\/uploads\/2024\/04\/noe-12x12.png 12w, https:\/\/clubvoleibolsantadria.com\/wp-content\/uploads\/2024\/04\/noe.png 1000w\" sizes=\"(max-width: 300px) 100vw, 300px\" \/>\n\t\t\t\t\t\t\t\t\t<\/div>\n\t\t\t\t<div class=\"pp-tm-content pp-tm-content-normal\">\n\t\t\t\t\t\t\t\t\t<h4 class=\"pp-tm-name\">\n\t\t\t\t\t\tNoelia Garc\u00eda\t\t\t\t<\/h4>\n\t\t\t\t\t\t\t<div class=\"pp-tm-title-divider-wrap\">\n\t\t\t\t<div class=\"pp-tm-divider pp-tm-title-divider\"><\/div>\n\t\t\t<\/div>\n\t\t\t\t\t\t<div class=\"pp-tm-position\">\n\t\t\t\tPRESIDENTA\t\t\t<\/div>\n\t\t\t\t\t\t\t<\/div>\n\t\t\t<\/div>\n\t\t<\/div>\n\t\t\t\t\t\t<\/div>\n\t\t\t\t<\/div>\n\t\t\t\t\t<\/div>\n\t\t<\/div>\n\t\t\t\t<div class=\"elementor-column elementor-col-33 elementor-top-column elementor-element elementor-element-14adadb\" data-id=\"14adadb\" data-element_type=\"column\" data-e-type=\"column\">\n\t\t\t<div class=\"elementor-widget-wrap\">\n\t\t\t\t\t\t\t<\/div>\n\t\t<\/div>\n\t\t\t\t\t<\/div>\n\t\t<\/section>\n\t\t\t\t<section class=\"elementor-section elementor-top-section elementor-element elementor-element-2e4d86b elementor-section-boxed elementor-section-height-default elementor-section-height-default\" data-id=\"2e4d86b\" data-element_type=\"section\" data-e-type=\"section\" data-settings=\"{&quot;_ha_eqh_enable&quot;:false}\">\n\t\t\t\t\t\t<div class=\"elementor-container elementor-column-gap-default\">\n\t\t\t\t\t<div class=\"elementor-column elementor-col-100 elementor-top-column elementor-element elementor-element-81b386d\" data-id=\"81b386d\" data-element_type=\"column\" data-e-type=\"column\">\n\t\t\t<div class=\"elementor-widget-wrap elementor-element-populated\">\n\t\t\t\t\t\t<div class=\"elementor-element elementor-element-f5604b7 elementor-widget elementor-widget-spacer\" data-id=\"f5604b7\" data-element_type=\"widget\" data-e-type=\"widget\" data-widget_type=\"spacer.default\">\n\t\t\t\t<div class=\"elementor-widget-container\">\n\t\t\t\t\t\t\t<div class=\"elementor-spacer\">\n\t\t\t<div class=\"elementor-spacer-inner\"><\/div>\n\t\t<\/div>\n\t\t\t\t\t\t<\/div>\n\t\t\t\t<\/div>\n\t\t\t\t\t<\/div>\n\t\t<\/div>\n\t\t\t\t\t<\/div>\n\t\t<\/section>\n\t\t\t\t<section class=\"elementor-section elementor-top-section elementor-element elementor-element-c5cb984 elementor-section-boxed elementor-section-height-default elementor-section-height-default\" data-id=\"c5cb984\" data-element_type=\"section\" data-e-type=\"section\" data-settings=\"{&quot;background_background&quot;:&quot;classic&quot;,&quot;_ha_eqh_enable&quot;:false}\">\n\t\t\t\t\t\t<div class=\"elementor-container elementor-column-gap-default\">\n\t\t\t\t\t<div class=\"elementor-column elementor-col-33 elementor-top-column elementor-element elementor-element-8fb3d21\" data-id=\"8fb3d21\" data-element_type=\"column\" data-e-type=\"column\">\n\t\t\t<div class=\"elementor-widget-wrap elementor-element-populated\">\n\t\t\t\t\t\t<div class=\"elementor-element elementor-element-8764432 elementor-widget elementor-widget-pp-team-member\" data-id=\"8764432\" data-element_type=\"widget\" data-e-type=\"widget\" data-widget_type=\"pp-team-member.default\">\n\t\t\t\t<div class=\"elementor-widget-container\">\n\t\t\t\t\t\t\t<div class=\"pp-tm-wrapper\">\n\t\t\t<div class=\"pp-tm\">\n\t\t\t\t<div class=\"pp-tm-image\"> \n\t\t\t\t\t<img decoding=\"async\" width=\"768\" height=\"768\" data-src=\"https:\/\/clubvoleibolsantadria.com\/wp-content\/uploads\/2024\/04\/alex-768x768.png\" class=\"attachment-medium_large size-medium_large wp-image-3259 lazyload\" alt=\"\" data-srcset=\"https:\/\/clubvoleibolsantadria.com\/wp-content\/uploads\/2024\/04\/alex-768x768.png 768w, https:\/\/clubvoleibolsantadria.com\/wp-content\/uploads\/2024\/04\/alex-150x150.png 150w, https:\/\/clubvoleibolsantadria.com\/wp-content\/uploads\/2024\/04\/alex-300x300.png 300w, https:\/\/clubvoleibolsantadria.com\/wp-content\/uploads\/2024\/04\/alex-12x12.png 12w, https:\/\/clubvoleibolsantadria.com\/wp-content\/uploads\/2024\/04\/alex.png 1000w\" data-sizes=\"(max-width: 768px) 100vw, 768px\" src=\"data:image\/svg+xml;base64,PHN2ZyB3aWR0aD0iMSIgaGVpZ2h0PSIxIiB4bWxucz0iaHR0cDovL3d3dy53My5vcmcvMjAwMC9zdmciPjwvc3ZnPg==\" style=\"--smush-placeholder-width: 768px; --smush-placeholder-aspect-ratio: 768\/768;\" \/>\n\t\t\t\t\t\t\t\t\t<\/div>\n\t\t\t\t<div class=\"pp-tm-content pp-tm-content-normal\">\n\t\t\t\t\t\t\t\t\t<h4 class=\"pp-tm-name\">\n\t\t\t\t\t\t\u00c1lex P\u00e9rez Mat\u00edas\t\t\t\t<\/h4>\n\t\t\t\t\t\t\t<div class=\"pp-tm-title-divider-wrap\">\n\t\t\t\t<div class=\"pp-tm-divider pp-tm-title-divider\"><\/div>\n\t\t\t<\/div>\n\t\t\t\t\t\t<div class=\"pp-tm-position\">\n\t\t\t\tVICEPRESIDENTE DEPORTIVO\t\t\t<\/div>\n\t\t\t\t\t\t\t<\/div>\n\t\t\t<\/div>\n\t\t<\/div>\n\t\t\t\t\t\t<\/div>\n\t\t\t\t<\/div>\n\t\t\t\t\t<\/div>\n\t\t<\/div>\n\t\t\t\t<div class=\"elementor-column elementor-col-33 elementor-top-column elementor-element elementor-element-a8515eb\" data-id=\"a8515eb\" data-element_type=\"column\" data-e-type=\"column\">\n\t\t\t<div class=\"elementor-widget-wrap elementor-element-populated\">\n\t\t\t\t\t\t<div class=\"elementor-element elementor-element-e9ccb21 elementor-widget elementor-widget-pp-team-member\" data-id=\"e9ccb21\" data-element_type=\"widget\" data-e-type=\"widget\" data-widget_type=\"pp-team-member.default\">\n\t\t\t\t<div class=\"elementor-widget-container\">\n\t\t\t\t\t\t\t<div class=\"pp-tm-wrapper\">\n\t\t\t<div class=\"pp-tm\">\n\t\t\t\t<div class=\"pp-tm-image\"> \n\t\t\t\t\t<img decoding=\"async\" width=\"768\" height=\"768\" data-src=\"https:\/\/clubvoleibolsantadria.com\/wp-content\/uploads\/2025\/08\/susana_25-26-768x768.png\" class=\"attachment-medium_large size-medium_large wp-image-4371 lazyload\" alt=\"\" data-srcset=\"https:\/\/clubvoleibolsantadria.com\/wp-content\/uploads\/2025\/08\/susana_25-26-768x768.png 768w, https:\/\/clubvoleibolsantadria.com\/wp-content\/uploads\/2025\/08\/susana_25-26-300x300.png 300w, https:\/\/clubvoleibolsantadria.com\/wp-content\/uploads\/2025\/08\/susana_25-26-150x150.png 150w, https:\/\/clubvoleibolsantadria.com\/wp-content\/uploads\/2025\/08\/susana_25-26-12x12.png 12w, https:\/\/clubvoleibolsantadria.com\/wp-content\/uploads\/2025\/08\/susana_25-26.png 1000w\" data-sizes=\"(max-width: 768px) 100vw, 768px\" src=\"data:image\/svg+xml;base64,PHN2ZyB3aWR0aD0iMSIgaGVpZ2h0PSIxIiB4bWxucz0iaHR0cDovL3d3dy53My5vcmcvMjAwMC9zdmciPjwvc3ZnPg==\" style=\"--smush-placeholder-width: 768px; --smush-placeholder-aspect-ratio: 768\/768;\" \/>\n\t\t\t\t\t\t\t\t\t<\/div>\n\t\t\t\t<div class=\"pp-tm-content pp-tm-content-normal\">\n\t\t\t\t\t\t\t\t\t<h4 class=\"pp-tm-name\">\n\t\t\t\t\t\tSusana Garc\u00eda\t\t\t\t<\/h4>\n\t\t\t\t\t\t\t<div class=\"pp-tm-title-divider-wrap\">\n\t\t\t\t<div class=\"pp-tm-divider pp-tm-title-divider\"><\/div>\n\t\t\t<\/div>\n\t\t\t\t\t\t<div class=\"pp-tm-position\">\n\t\t\t\tTESORERA\t\t\t<\/div>\n\t\t\t\t\t\t\t<\/div>\n\t\t\t<\/div>\n\t\t<\/div>\n\t\t\t\t\t\t<\/div>\n\t\t\t\t<\/div>\n\t\t\t\t\t<\/div>\n\t\t<\/div>\n\t\t\t\t<div class=\"elementor-column elementor-col-33 elementor-top-column elementor-element elementor-element-d95977d\" data-id=\"d95977d\" data-element_type=\"column\" data-e-type=\"column\">\n\t\t\t<div class=\"elementor-widget-wrap elementor-element-populated\">\n\t\t\t\t\t\t<div class=\"elementor-element elementor-element-b5696e1 elementor-widget elementor-widget-pp-team-member\" data-id=\"b5696e1\" data-element_type=\"widget\" data-e-type=\"widget\" data-widget_type=\"pp-team-member.default\">\n\t\t\t\t<div class=\"elementor-widget-container\">\n\t\t\t\t\t\t\t<div class=\"pp-tm-wrapper\">\n\t\t\t<div class=\"pp-tm\">\n\t\t\t\t<div class=\"pp-tm-image\"> \n\t\t\t\t\t<img decoding=\"async\" width=\"768\" height=\"768\" data-src=\"https:\/\/clubvoleibolsantadria.com\/wp-content\/uploads\/2024\/04\/geo-768x768.png\" class=\"attachment-medium_large size-medium_large wp-image-3265 lazyload\" alt=\"\" data-srcset=\"https:\/\/clubvoleibolsantadria.com\/wp-content\/uploads\/2024\/04\/geo-768x768.png 768w, https:\/\/clubvoleibolsantadria.com\/wp-content\/uploads\/2024\/04\/geo-150x150.png 150w, https:\/\/clubvoleibolsantadria.com\/wp-content\/uploads\/2024\/04\/geo-300x300.png 300w, https:\/\/clubvoleibolsantadria.com\/wp-content\/uploads\/2024\/04\/geo-12x12.png 12w, https:\/\/clubvoleibolsantadria.com\/wp-content\/uploads\/2024\/04\/geo.png 1000w\" data-sizes=\"(max-width: 768px) 100vw, 768px\" src=\"data:image\/svg+xml;base64,PHN2ZyB3aWR0aD0iMSIgaGVpZ2h0PSIxIiB4bWxucz0iaHR0cDovL3d3dy53My5vcmcvMjAwMC9zdmciPjwvc3ZnPg==\" style=\"--smush-placeholder-width: 768px; --smush-placeholder-aspect-ratio: 768\/768;\" \/>\n\t\t\t\t\t\t\t\t\t<\/div>\n\t\t\t\t<div class=\"pp-tm-content pp-tm-content-normal\">\n\t\t\t\t\t\t\t\t\t<h4 class=\"pp-tm-name\">\n\t\t\t\t\t\tGeorgina Mart\u00ednez Antol\u00edn\t\t\t\t<\/h4>\n\t\t\t\t\t\t\t<div class=\"pp-tm-title-divider-wrap\">\n\t\t\t\t<div class=\"pp-tm-divider pp-tm-title-divider\"><\/div>\n\t\t\t<\/div>\n\t\t\t\t\t\t<div class=\"pp-tm-position\">\n\t\t\t\tVOCAL\t\t\t<\/div>\n\t\t\t\t\t\t\t<\/div>\n\t\t\t<\/div>\n\t\t<\/div>\n\t\t\t\t\t\t<\/div>\n\t\t\t\t<\/div>\n\t\t\t\t\t<\/div>\n\t\t<\/div>\n\t\t\t\t\t<\/div>\n\t\t<\/section>\n\t\t\t\t<section class=\"elementor-section elementor-top-section elementor-element elementor-element-7e69b2b elementor-section-boxed elementor-section-height-default elementor-section-height-default\" data-id=\"7e69b2b\" data-element_type=\"section\" data-e-type=\"section\" data-settings=\"{&quot;background_background&quot;:&quot;classic&quot;,&quot;_ha_eqh_enable&quot;:false}\">\n\t\t\t\t\t\t<div class=\"elementor-container elementor-column-gap-default\">\n\t\t\t\t\t<div class=\"elementor-column elementor-col-33 elementor-top-column elementor-element elementor-element-309531c\" data-id=\"309531c\" data-element_type=\"column\" data-e-type=\"column\">\n\t\t\t<div class=\"elementor-widget-wrap\">\n\t\t\t\t\t\t\t<\/div>\n\t\t<\/div>\n\t\t\t\t<div class=\"elementor-column elementor-col-33 elementor-top-column elementor-element elementor-element-1da736d\" data-id=\"1da736d\" data-element_type=\"column\" data-e-type=\"column\">\n\t\t\t<div class=\"elementor-widget-wrap\">\n\t\t\t\t\t\t\t<\/div>\n\t\t<\/div>\n\t\t\t\t<div class=\"elementor-column elementor-col-33 elementor-top-column elementor-element elementor-element-0ae7633\" data-id=\"0ae7633\" data-element_type=\"column\" data-e-type=\"column\">\n\t\t\t<div class=\"elementor-widget-wrap\">\n\t\t\t\t\t\t\t<\/div>\n\t\t<\/div>\n\t\t\t\t\t<\/div>\n\t\t<\/section>\n\t\t\t\t<section class=\"elementor-section elementor-top-section elementor-element elementor-element-dec21cb elementor-section-boxed elementor-section-height-default elementor-section-height-default\" data-id=\"dec21cb\" data-element_type=\"section\" data-e-type=\"section\" data-settings=\"{&quot;_ha_eqh_enable&quot;:false}\">\n\t\t\t\t\t\t<div class=\"elementor-container elementor-column-gap-default\">\n\t\t\t\t\t<div class=\"elementor-column elementor-col-100 elementor-top-column elementor-element elementor-element-390196b\" data-id=\"390196b\" data-element_type=\"column\" data-e-type=\"column\">\n\t\t\t<div class=\"elementor-widget-wrap elementor-element-populated\">\n\t\t\t\t\t\t<div class=\"elementor-element elementor-element-4b727e5 elementor-widget elementor-widget-spacer\" data-id=\"4b727e5\" data-element_type=\"widget\" data-e-type=\"widget\" data-widget_type=\"spacer.default\">\n\t\t\t\t<div class=\"elementor-widget-container\">\n\t\t\t\t\t\t\t<div class=\"elementor-spacer\">\n\t\t\t<div class=\"elementor-spacer-inner\"><\/div>\n\t\t<\/div>\n\t\t\t\t\t\t<\/div>\n\t\t\t\t<\/div>\n\t\t\t\t\t<\/div>\n\t\t<\/div>\n\t\t\t\t\t<\/div>\n\t\t<\/section>\n\t\t\t\t<\/div>","protected":false},"excerpt":{"rendered":"<p>JUNTA DIRECTIVA Noelia Garc\u00eda PRESIDENTA \u00c1lex P\u00e9rez Mat\u00edas VICEPRESIDENT ESPORTIU Susana Garc\u00eda TRESORERA Georgina Mart\u00ednez Antol\u00edn VOCAL<\/p>","protected":false},"author":2,"featured_media":0,"parent":0,"menu_order":0,"comment_status":"closed","ping_status":"closed","template":"","meta":{"footnotes":""},"class_list":["post-3251","page","type-page","status-publish","hentry"],"blocksy_meta":[],"_links":{"self":[{"href":"https:\/\/clubvoleibolsantadria.com\/es\/wp-json\/wp\/v2\/pages\/3251","targetHints":{"allow":["GET"]}}],"collection":[{"href":"https:\/\/clubvoleibolsantadria.com\/es\/wp-json\/wp\/v2\/pages"}],"about":[{"href":"https:\/\/clubvoleibolsantadria.com\/es\/wp-json\/wp\/v2\/types\/page"}],"author":[{"embeddable":true,"href":"https:\/\/clubvoleibolsantadria.com\/es\/wp-json\/wp\/v2\/users\/2"}],"replies":[{"embeddable":true,"href":"https:\/\/clubvoleibolsantadria.com\/es\/wp-json\/wp\/v2\/comments?post=3251"}],"version-history":[{"count":9,"href":"https:\/\/clubvoleibolsantadria.com\/es\/wp-json\/wp\/v2\/pages\/3251\/revisions"}],"predecessor-version":[{"id":4961,"href":"https:\/\/clubvoleibolsantadria.com\/es\/wp-json\/wp\/v2\/pages\/3251\/revisions\/4961"}],"wp:attachment":[{"href":"https:\/\/clubvoleibolsantadria.com\/es\/wp-json\/wp\/v2\/media?parent=3251"}],"curies":[{"name":"wp","href":"https:\/\/api.w.org\/{rel}","templated":true}]}}