{"id":3426,"date":"2024-06-07T08:58:57","date_gmt":"2024-06-07T08:58:57","guid":{"rendered":"https:\/\/clubvoleibolsantadria.com\/?page_id=3426"},"modified":"2024-06-07T09:08:49","modified_gmt":"2024-06-07T09:08:49","slug":"estivolei-24","status":"publish","type":"page","link":"https:\/\/clubvoleibolsantadria.com\/es\/estivolei-24\/","title":{"rendered":"EstiVolei 24"},"content":{"rendered":"<div data-elementor-type=\"wp-page\" data-elementor-id=\"3426\" class=\"elementor elementor-3426\" data-elementor-settings=\"{&quot;ha_cmc_init_switcher&quot;:&quot;no&quot;}\" data-elementor-post-type=\"page\">\n\t\t\t\t\t\t<section class=\"elementor-section elementor-top-section elementor-element elementor-element-d04ed59 elementor-section-boxed elementor-section-height-default elementor-section-height-default\" data-id=\"d04ed59\" data-element_type=\"section\" data-e-type=\"section\" data-settings=\"{&quot;_ha_eqh_enable&quot;:false}\">\n\t\t\t\t\t\t<div class=\"elementor-container elementor-column-gap-default\">\n\t\t\t\t\t<div class=\"elementor-column elementor-col-100 elementor-top-column elementor-element elementor-element-2b85d4e\" data-id=\"2b85d4e\" data-element_type=\"column\" data-e-type=\"column\">\n\t\t\t<div class=\"elementor-widget-wrap elementor-element-populated\">\n\t\t\t\t\t\t<div class=\"elementor-element elementor-element-dc9cf6e elementor-widget elementor-widget-spacer\" data-id=\"dc9cf6e\" data-element_type=\"widget\" data-e-type=\"widget\" data-widget_type=\"spacer.default\">\n\t\t\t\t<div class=\"elementor-widget-container\">\n\t\t\t\t\t\t\t<div class=\"elementor-spacer\">\n\t\t\t<div class=\"elementor-spacer-inner\"><\/div>\n\t\t<\/div>\n\t\t\t\t\t\t<\/div>\n\t\t\t\t<\/div>\n\t\t\t\t<section class=\"elementor-section elementor-inner-section elementor-element elementor-element-eb500c1 elementor-section-boxed elementor-section-height-default elementor-section-height-default\" data-id=\"eb500c1\" data-element_type=\"section\" data-e-type=\"section\" data-settings=\"{&quot;_ha_eqh_enable&quot;:false}\">\n\t\t\t\t\t\t<div class=\"elementor-container elementor-column-gap-default\">\n\t\t\t\t\t<div class=\"elementor-column elementor-col-50 elementor-inner-column elementor-element elementor-element-8b1058b\" data-id=\"8b1058b\" data-element_type=\"column\" data-e-type=\"column\">\n\t\t\t<div class=\"elementor-widget-wrap elementor-element-populated\">\n\t\t\t\t\t\t<div class=\"elementor-element elementor-element-4bdad58 elementor-widget elementor-widget-heading\" data-id=\"4bdad58\" data-element_type=\"widget\" data-e-type=\"widget\" data-widget_type=\"heading.default\">\n\t\t\t\t<div class=\"elementor-widget-container\">\n\t\t\t\t\t<h2 class=\"elementor-heading-title elementor-size-default\">Gaudeix del voleibol al estiu amb els entrenaments del CVSA. <\/h2>\t\t\t\t<\/div>\n\t\t\t\t<\/div>\n\t\t\t\t<div class=\"elementor-element elementor-element-ed4431a elementor-widget elementor-widget-text-editor\" data-id=\"ed4431a\" data-element_type=\"widget\" data-e-type=\"widget\" data-widget_type=\"text-editor.default\">\n\t\t\t\t<div class=\"elementor-widget-container\">\n\t\t\t\t\t\t\t\t\t<p>\ud83d\udcc6 1-26 de juliol (4 setmanes)<\/p><ul><li><strong>Setmana 1<\/strong> &#8211;&gt; de l&#8217;1 al 5 de juliol<\/li><li><strong>Setmana 2<\/strong> &#8211;&gt; del 8 al 12 de juliol<\/li><li><strong>Setmana 3<\/strong> &#8211;&gt; del 15 al 19 de juliol<\/li><li><strong>Setmana 4<\/strong> &#8211;&gt; del 22 al 26 de juliol<\/li><\/ul><p>\ud83d\udccd <strong>Poliesportiu Ol\u00edmpic La Mina<\/strong><\/p><p>\ud83d\udce7 Informaci\u00f3 a dt.voleisantadria@gmail.com i <strong><a href=\"https:\/\/docs.google.com\/forms\/d\/e\/1FAIpQLSfQFvY5ylAbTeH8DQnkojPj1FGz7AqjTsI2yNwRT-ddKyRXAg\/viewform\" target=\"_blank\" rel=\"noopener\">inscripcions via formulari<\/a><\/strong><\/p><p>\u2139\ufe0f Per formalitzar la inscripci\u00f3 a l&#8217;activitat, s&#8217;ha d&#8217;<strong>enviar el comprovant bancari<\/strong> a \ud83d\udce7 dt.voleisantadria@gmail.com<\/p><p><strong>Places limitades<\/strong>, atorgant-se per rigor\u00f3s ordre d&#8217;inscripci\u00f3, la qual ser\u00e0 v\u00e0lida amb el comprovant de pagament.<\/p>\t\t\t\t\t\t\t\t<\/div>\n\t\t\t\t<\/div>\n\t\t\t\t\t<\/div>\n\t\t<\/div>\n\t\t\t\t<div class=\"elementor-column elementor-col-50 elementor-inner-column elementor-element elementor-element-461da01\" data-id=\"461da01\" data-element_type=\"column\" data-e-type=\"column\">\n\t\t\t<div class=\"elementor-widget-wrap elementor-element-populated\">\n\t\t\t\t\t\t<div class=\"elementor-element elementor-element-037f944 elementor-widget elementor-widget-image\" data-id=\"037f944\" data-element_type=\"widget\" data-e-type=\"widget\" data-widget_type=\"image.default\">\n\t\t\t\t<div class=\"elementor-widget-container\">\n\t\t\t\t\t\t\t\t\t\t\t\t\t\t\t<img fetchpriority=\"high\" decoding=\"async\" width=\"844\" height=\"860\" src=\"https:\/\/clubvoleibolsantadria.com\/wp-content\/uploads\/2024\/06\/EstiVolei24.png\" class=\"attachment-large size-large wp-image-3420\" alt=\"\" srcset=\"https:\/\/clubvoleibolsantadria.com\/wp-content\/uploads\/2024\/06\/EstiVolei24.png 844w, https:\/\/clubvoleibolsantadria.com\/wp-content\/uploads\/2024\/06\/EstiVolei24-294x300.png 294w, https:\/\/clubvoleibolsantadria.com\/wp-content\/uploads\/2024\/06\/EstiVolei24-768x783.png 768w, https:\/\/clubvoleibolsantadria.com\/wp-content\/uploads\/2024\/06\/EstiVolei24-12x12.png 12w\" sizes=\"(max-width: 844px) 100vw, 844px\" \/>\t\t\t\t\t\t\t\t\t\t\t\t\t\t\t<\/div>\n\t\t\t\t<\/div>\n\t\t\t\t\t<\/div>\n\t\t<\/div>\n\t\t\t\t\t<\/div>\n\t\t<\/section>\n\t\t\t\t\t<\/div>\n\t\t<\/div>\n\t\t\t\t\t<\/div>\n\t\t<\/section>\n\t\t\t\t<\/div>","protected":false},"excerpt":{"rendered":"<p>Gaudeix del voleibol al estiu amb els entrenaments del CVSA. \ud83d\udcc6 1-26 de juliol (4 setmanes) Setmana 1 &#8211;&gt; de l&#8217;1 al 5 de juliol Setmana 2 &#8211;&gt; del 8 al 12 de juliol Setmana 3 &#8211;&gt; del 15 al 19 de juliol Setmana 4 &#8211;&gt; del 22 al 26 de juliol \ud83d\udccd Poliesportiu Ol\u00edmpic [&hellip;]<\/p>\n","protected":false},"author":2,"featured_media":0,"parent":0,"menu_order":0,"comment_status":"closed","ping_status":"closed","template":"","meta":{"footnotes":""},"class_list":["post-3426","page","type-page","status-publish","hentry"],"blocksy_meta":[],"_links":{"self":[{"href":"https:\/\/clubvoleibolsantadria.com\/es\/wp-json\/wp\/v2\/pages\/3426","targetHints":{"allow":["GET"]}}],"collection":[{"href":"https:\/\/clubvoleibolsantadria.com\/es\/wp-json\/wp\/v2\/pages"}],"about":[{"href":"https:\/\/clubvoleibolsantadria.com\/es\/wp-json\/wp\/v2\/types\/page"}],"author":[{"embeddable":true,"href":"https:\/\/clubvoleibolsantadria.com\/es\/wp-json\/wp\/v2\/users\/2"}],"replies":[{"embeddable":true,"href":"https:\/\/clubvoleibolsantadria.com\/es\/wp-json\/wp\/v2\/comments?post=3426"}],"version-history":[{"count":0,"href":"https:\/\/clubvoleibolsantadria.com\/es\/wp-json\/wp\/v2\/pages\/3426\/revisions"}],"wp:attachment":[{"href":"https:\/\/clubvoleibolsantadria.com\/es\/wp-json\/wp\/v2\/media?parent=3426"}],"curies":[{"name":"wp","href":"https:\/\/api.w.org\/{rel}","templated":true}]}}