{"id":3537,"date":"2024-08-07T22:12:26","date_gmt":"2024-08-07T22:12:26","guid":{"rendered":"https:\/\/clubvoleibolsantadria.com\/?page_id=3537"},"modified":"2025-04-30T14:24:20","modified_gmt":"2025-04-30T14:24:20","slug":"contacte","status":"publish","type":"page","link":"https:\/\/clubvoleibolsantadria.com\/es\/contacte\/","title":{"rendered":"Contacto"},"content":{"rendered":"\t\t<div data-elementor-type=\"wp-page\" data-elementor-id=\"3537\" class=\"elementor elementor-3537\" data-elementor-settings=\"{&quot;ha_cmc_init_switcher&quot;:&quot;no&quot;}\" data-elementor-post-type=\"page\">\n\t\t\t\t\t\t<section class=\"elementor-section elementor-top-section elementor-element elementor-element-b5d472b elementor-section-boxed elementor-section-height-default elementor-section-height-default\" data-id=\"b5d472b\" data-element_type=\"section\" data-e-type=\"section\" data-settings=\"{&quot;_ha_eqh_enable&quot;:false}\">\n\t\t\t\t\t\t<div class=\"elementor-container elementor-column-gap-default\">\n\t\t\t\t\t<div class=\"elementor-column elementor-col-100 elementor-top-column elementor-element elementor-element-87f4508\" data-id=\"87f4508\" data-element_type=\"column\" data-e-type=\"column\">\n\t\t\t<div class=\"elementor-widget-wrap elementor-element-populated\">\n\t\t\t\t\t\t<div class=\"elementor-element elementor-element-27dd9a2 elementor-widget elementor-widget-spacer\" data-id=\"27dd9a2\" data-element_type=\"widget\" data-e-type=\"widget\" data-widget_type=\"spacer.default\">\n\t\t\t\t<div class=\"elementor-widget-container\">\n\t\t\t\t\t\t\t<div class=\"elementor-spacer\">\n\t\t\t<div class=\"elementor-spacer-inner\"><\/div>\n\t\t<\/div>\n\t\t\t\t\t\t<\/div>\n\t\t\t\t<\/div>\n\t\t\t\t<div class=\"elementor-element elementor-element-0845f93 elementor-widget elementor-widget-heading\" data-id=\"0845f93\" data-element_type=\"widget\" data-e-type=\"widget\" data-widget_type=\"heading.default\">\n\t\t\t\t<div class=\"elementor-widget-container\">\n\t\t\t\t\t<h2 class=\"elementor-heading-title elementor-size-default\">ENVIA'NS LA TEVA CONSULTA<\/h2>\t\t\t\t<\/div>\n\t\t\t\t<\/div>\n\t\t\t\t<div class=\"elementor-element elementor-element-33cce58 elementor-widget-divider--view-line elementor-widget elementor-widget-divider\" data-id=\"33cce58\" data-element_type=\"widget\" data-e-type=\"widget\" data-widget_type=\"divider.default\">\n\t\t\t\t<div class=\"elementor-widget-container\">\n\t\t\t\t\t\t\t<div class=\"elementor-divider\">\n\t\t\t<span class=\"elementor-divider-separator\">\n\t\t\t\t\t\t<\/span>\n\t\t<\/div>\n\t\t\t\t\t\t<\/div>\n\t\t\t\t<\/div>\n\t\t\t\t\t<\/div>\n\t\t<\/div>\n\t\t\t\t\t<\/div>\n\t\t<\/section>\n\t\t\t\t<section class=\"elementor-section elementor-top-section elementor-element elementor-element-9400976 elementor-section-boxed elementor-section-height-default elementor-section-height-default\" data-id=\"9400976\" data-element_type=\"section\" data-e-type=\"section\" data-settings=\"{&quot;_ha_eqh_enable&quot;:false}\">\n\t\t\t\t\t\t<div class=\"elementor-container elementor-column-gap-default\">\n\t\t\t\t\t<div class=\"elementor-column elementor-col-16 elementor-top-column elementor-element elementor-element-3377097\" data-id=\"3377097\" data-element_type=\"column\" data-e-type=\"column\">\n\t\t\t<div class=\"elementor-widget-wrap\">\n\t\t\t\t\t\t\t<\/div>\n\t\t<\/div>\n\t\t\t\t<div class=\"elementor-column elementor-col-66 elementor-top-column elementor-element elementor-element-704ecf5\" data-id=\"704ecf5\" data-element_type=\"column\" data-e-type=\"column\">\n\t\t\t<div class=\"elementor-widget-wrap elementor-element-populated\">\n\t\t\t\t\t\t<div class=\"elementor-element elementor-element-f088c94 elementor-widget__width-inherit elementor-widget elementor-widget-shortcode\" data-id=\"f088c94\" data-element_type=\"widget\" data-e-type=\"widget\" data-widget_type=\"shortcode.default\">\n\t\t\t\t<div class=\"elementor-widget-container\">\n\t\t\t\t\t\t\t<div class=\"elementor-shortcode\">\n<div class=\"wpcf7 no-js\" id=\"wpcf7-f3562-o1\" lang=\"es-ES\" dir=\"ltr\" data-wpcf7-id=\"3562\">\n<div class=\"screen-reader-response\"><p role=\"status\" aria-live=\"polite\" aria-atomic=\"true\"><\/p> <ul><\/ul><\/div>\n<form action=\"\/es\/wp-json\/wp\/v2\/pages\/3537#wpcf7-f3562-o1\" method=\"post\" class=\"wpcf7-form init\" aria-label=\"Formulario de contacto\" novalidate=\"novalidate\" data-status=\"init\">\n<fieldset class=\"hidden-fields-container\"><input type=\"hidden\" name=\"_wpcf7\" value=\"3562\" \/><input type=\"hidden\" name=\"_wpcf7_version\" value=\"6.1.5\" \/><input type=\"hidden\" name=\"_wpcf7_locale\" value=\"es_ES\" \/><input type=\"hidden\" name=\"_wpcf7_unit_tag\" value=\"wpcf7-f3562-o1\" \/><input type=\"hidden\" name=\"_wpcf7_container_post\" value=\"0\" \/><input type=\"hidden\" name=\"_wpcf7_posted_data_hash\" value=\"\" \/><input type=\"hidden\" name=\"_wpcf7cf_hidden_group_fields\" value=\"[]\" \/><input type=\"hidden\" name=\"_wpcf7cf_hidden_groups\" value=\"[]\" \/><input type=\"hidden\" name=\"_wpcf7cf_visible_groups\" value=\"[]\" \/><input type=\"hidden\" name=\"_wpcf7cf_repeaters\" value=\"[]\" \/><input type=\"hidden\" name=\"_wpcf7cf_steps\" value=\"{}\" \/><input type=\"hidden\" name=\"_wpcf7cf_options\" value=\"{&quot;form_id&quot;:3562,&quot;conditions&quot;:[{&quot;then_field&quot;:&quot;-1&quot;,&quot;and_rules&quot;:[{&quot;if_field&quot;:&quot;consulta&quot;,&quot;operator&quot;:&quot;equals&quot;,&quot;if_value&quot;:&quot;Jugar en el club&quot;}]},{&quot;then_field&quot;:&quot;-1&quot;,&quot;and_rules&quot;:[{&quot;if_field&quot;:&quot;consulta&quot;,&quot;operator&quot;:&quot;equals&quot;,&quot;if_value&quot;:&quot;Patrocinio o colaboraci\\u00f3n&quot;}]},{&quot;then_field&quot;:&quot;-1&quot;,&quot;and_rules&quot;:[{&quot;if_field&quot;:&quot;experiencia&quot;,&quot;operator&quot;:&quot;equals&quot;,&quot;if_value&quot;:&quot;Si&quot;}]},{&quot;then_field&quot;:&quot;-1&quot;,&quot;and_rules&quot;:[{&quot;if_field&quot;:&quot;consulta&quot;,&quot;operator&quot;:&quot;equals&quot;,&quot;if_value&quot;:&quot;Patrocini o col\\u00b7laboraci\\u00f3&quot;}]}],&quot;settings&quot;:{&quot;animation&quot;:&quot;yes&quot;,&quot;animation_intime&quot;:&quot;200&quot;,&quot;animation_outtime&quot;:&quot;200&quot;,&quot;conditions_ui&quot;:&quot;normal&quot;,&quot;notice_dismissed&quot;:&quot;&quot;,&quot;notice_dismissed_rollback-cf7-6.0&quot;:true,&quot;notice_dismissed_rollback-cf7-6.0.1&quot;:true,&quot;notice_dismissed_rollback-cf7-6.0.2&quot;:true,&quot;notice_dismissed_update-cf7-6.0.4&quot;:true}}\" \/><input type=\"hidden\" name=\"_uacf7_hidden_conditional_fields\" value=\"\" \/><input type=\"hidden\" name=\"_wpcf7_recaptcha_response\" value=\"\" \/>\n<\/fieldset>\n<div class=\"uacf7-form-wrapper-container uacf7-form-3562  \"><!-- Nombre y correo electr\u00f3nico -->\n<div style=\"margin-bottom: 10px;\">\n<div class=\"uacf7-row\">\n  <div class=\"uacf7-col-6\">\n    <label> Nom y cognoms (obligatori)\n      <span class=\"wpcf7-form-control-wrap\" data-name=\"nombre\"><input size=\"40\" maxlength=\"400\" class=\"wpcf7-form-control wpcf7-text wpcf7-validates-as-required\" aria-required=\"true\" aria-invalid=\"false\" value=\"\" type=\"text\" name=\"nombre\" \/><\/span>\n    <\/label>\n  <\/div>\n  <div class=\"uacf7-col-6\">\n    <label> Correu electr\u00f2nic (obligatori)\n      <span class=\"wpcf7-form-control-wrap\" data-name=\"email\"><input size=\"40\" maxlength=\"400\" class=\"wpcf7-form-control wpcf7-email wpcf7-validates-as-required wpcf7-text wpcf7-validates-as-email\" aria-required=\"true\" aria-invalid=\"false\" value=\"\" type=\"email\" name=\"email\" \/><\/span>\n    <\/label>\n  <\/div>\n<\/div>\n<\/div>\n\n<!-- Selector Asunto y tel\u00e9fono -->\n<div style=\"margin-bottom: 10px;\">\n<div class=\"uacf7-row\">\n  <div class=\"uacf7-col-6\">\n    <label> Consulta\n      <span class=\"wpcf7-form-control-wrap\" data-name=\"consulta\"><select class=\"wpcf7-form-control wpcf7-select wpcf7-validates-as-required\" aria-required=\"true\" aria-invalid=\"false\" name=\"consulta\"><option value=\"\">&#8212;Por favor, elige una opci\u00f3n&#8212;<\/option><option value=\"Jugar en el club\">Jugar en el club<\/option><option value=\"Informaci\u00f3 general\">Informaci\u00f3 general<\/option><option value=\"Patrocini o col\u00b7laboraci\u00f3\">Patrocini o col\u00b7laboraci\u00f3<\/option><\/select><\/span>\n    <\/label>\n  <\/div>\n  <div class=\"uacf7-col-6\">\n    <label> Tel\u00e8fon\n      <span class=\"wpcf7-form-control-wrap\" data-name=\"telefono\"><input size=\"40\" maxlength=\"400\" class=\"wpcf7-form-control wpcf7-tel wpcf7-text wpcf7-validates-as-tel\" aria-invalid=\"false\" value=\"\" type=\"tel\" name=\"telefono\" \/><\/span>\n    <\/label>\n  <\/div>\n<\/div>\n<\/div>\n\n<!-- Grupo jugar -->\n<div style=\"margin-bottom: 10px;\">\n<div class=\"uacf7_conditional jugar\">\n  <div class=\"uacf7-row\">\n    <div class=\"uacf7-col-3\">\n      <label> Any naixement (obligatori)\n        <span class=\"wpcf7-form-control-wrap\" data-name=\"anyo\"><input class=\"wpcf7-form-control wpcf7-number wpcf7-validates-as-required wpcf7-validates-as-number\" min=\"1950\" aria-required=\"true\" aria-invalid=\"false\" value=\"\" type=\"number\" name=\"anyo\" \/><\/span>\n      <\/label>\n    <\/div>\n    <div class=\"uacf7-col-3\">\n      <label> Al\u00e7ada (cm) (obligatori)\n        <span class=\"wpcf7-form-control-wrap\" data-name=\"altura\"><input class=\"wpcf7-form-control wpcf7-number wpcf7-validates-as-required wpcf7-validates-as-number\" min=\"1\" aria-required=\"true\" aria-invalid=\"false\" value=\"\" type=\"number\" name=\"altura\" \/><\/span>\n      <\/label>\n    <\/div>\n    <div class=\"uacf7-col-3\">\n      <label> Secci\u00f3 (obligatori)\n        <span class=\"wpcf7-form-control-wrap\" data-name=\"seccion\"><select class=\"wpcf7-form-control wpcf7-select wpcf7-validates-as-required\" aria-required=\"true\" aria-invalid=\"false\" name=\"seccion\"><option value=\"\">&#8212;Por favor, elige una opci\u00f3n&#8212;<\/option><option value=\"Masculina\">Masculina<\/option><option value=\"Femenina\">Femenina<\/option><\/select><\/span>\n      <\/label>\n    <\/div>\n    <div class=\"uacf7-col-3\">\n      <label> Has jugat en un club?\n        <span class=\"wpcf7-form-control-wrap\" data-name=\"experiencia\"><select class=\"wpcf7-form-control wpcf7-select wpcf7-validates-as-required\" aria-required=\"true\" aria-invalid=\"false\" name=\"experiencia\"><option value=\"\">&#8212;Por favor, elige una opci\u00f3n&#8212;<\/option><option value=\"No\">No<\/option><option value=\"Si\">Si<\/option><\/select><\/span>\n      <\/label>\n    <\/div>\n  <\/div>\n<\/div>\n<\/div>\n\n<div style=\"margin-bottom: 10px;\">\n<div class=\"uacf7_conditional caracteristicas\">\n  <div class=\"uacf7-row\">\n    <div class=\"uacf7-col-4\">\n      <label>Anys d'experi\u00e8ncia\n        <span class=\"wpcf7-form-control-wrap\" data-name=\"anyos-jugando\"><select class=\"wpcf7-form-control wpcf7-select wpcf7-validates-as-required\" aria-required=\"true\" aria-invalid=\"false\" name=\"anyos-jugando\"><option value=\"\">&#8212;Por favor, elige una opci\u00f3n&#8212;<\/option><option value=\"1\">1<\/option><option value=\"2\">2<\/option><option value=\"3\">3<\/option><option value=\"4 o m\u00e9s\">4 o m\u00e9s<\/option><\/select><\/span>\n      <\/label>\n    <\/div>\n    <div class=\"uacf7-col-4\">\n      <label>Posici\u00f3 habitual\n        <span class=\"wpcf7-form-control-wrap\" data-name=\"posicion\"><select class=\"wpcf7-form-control wpcf7-select wpcf7-validates-as-required\" aria-required=\"true\" aria-invalid=\"false\" name=\"posicion\"><option value=\"\">&#8212;Por favor, elige una opci\u00f3n&#8212;<\/option><option value=\"Col\u00b7locador\/a\">Col\u00b7locador\/a<\/option><option value=\"L\u00edbero\">L\u00edbero<\/option><option value=\"Receptor\/a\">Receptor\/a<\/option><option value=\"Central\">Central<\/option><option value=\"Oposat\/da\">Oposat\/da<\/option><\/select><\/span>\n      <\/label>\n    <\/div>\n    <div class=\"uacf7-col-4\">\n      <label>Categoria\n        <span class=\"wpcf7-form-control-wrap\" data-name=\"categoria\"><select class=\"wpcf7-form-control wpcf7-select wpcf7-validates-as-required\" aria-required=\"true\" aria-invalid=\"false\" name=\"categoria\"><option value=\"\">&#8212;Por favor, elige una opci\u00f3n&#8212;<\/option><option value=\"Escolar\">Escolar<\/option><option value=\"Preferent\">Preferent<\/option><option value=\"3\u00aa Divisi\u00f3\">3\u00aa Divisi\u00f3<\/option><option value=\"2\u00aa Divisi\u00f3\">2\u00aa Divisi\u00f3<\/option><option value=\"1\u00aa Divisi\u00f3\">1\u00aa Divisi\u00f3<\/option><\/select><\/span>\n      <\/label>\n    <\/div>\n  <\/div>\n<\/div>\n<\/div>\n\n<div style=\"margin-bottom: 10px;\">\n<div class=\"uacf7_conditional patrocinio\">\n  <div class=\"uacf7-row\">\n    <div class=\"uacf7-col-6\">\n      <label>Empresa\n        <span class=\"wpcf7-form-control-wrap\" data-name=\"empresa\"><input size=\"40\" maxlength=\"400\" class=\"wpcf7-form-control wpcf7-text wpcf7-validates-as-required\" aria-required=\"true\" aria-invalid=\"false\" value=\"\" type=\"text\" name=\"empresa\" \/><\/span>\n      <\/label>\n    <\/div>\n    <div class=\"uacf7-col-6\">\n      <label>C\u00e0rrec\n         <span class=\"wpcf7-form-control-wrap\" data-name=\"cargo\"><input size=\"40\" maxlength=\"400\" class=\"wpcf7-form-control wpcf7-text wpcf7-validates-as-required\" aria-required=\"true\" aria-invalid=\"false\" value=\"\" type=\"text\" name=\"cargo\" \/><\/span>\n      <\/label>\n    <\/div>\n  <\/div>\n<\/div>\n<\/div>\n\n<div style=\"margin-bottom: 10px;\">\n  <label>Assumpte (obligatori)\n    <span class=\"wpcf7-form-control-wrap\" data-name=\"asunto\"><input size=\"40\" maxlength=\"400\" class=\"wpcf7-form-control wpcf7-text wpcf7-validates-as-required\" aria-required=\"true\" aria-invalid=\"false\" value=\"\" type=\"text\" name=\"asunto\" \/><\/span>\n  <\/label>\n<\/div>\n\n<div style=\"margin-bottom: 10px;\">\n  <label>Missatge (obligatori)\n    <span class=\"wpcf7-form-control-wrap\" data-name=\"mensaje\"><textarea cols=\"40\" rows=\"10\" maxlength=\"2000\" class=\"wpcf7-form-control wpcf7-textarea wpcf7-validates-as-required\" aria-required=\"true\" aria-invalid=\"false\" name=\"mensaje\"><\/textarea><\/span>\n  <\/label>\n<\/div>\n\n\n<input class=\"wpcf7-form-control wpcf7-submit has-spinner\" type=\"submit\" value=\"Enviar\" \/><\/div><div class=\"wpcf7-response-output\" aria-hidden=\"true\"><\/div>\n<\/form>\n<\/div>\n<\/div>\n\t\t\t\t\t\t<\/div>\n\t\t\t\t<\/div>\n\t\t\t\t<div class=\"elementor-element elementor-element-46ea7f0 elementor-widget elementor-widget-spacer\" data-id=\"46ea7f0\" data-element_type=\"widget\" data-e-type=\"widget\" data-widget_type=\"spacer.default\">\n\t\t\t\t<div class=\"elementor-widget-container\">\n\t\t\t\t\t\t\t<div class=\"elementor-spacer\">\n\t\t\t<div class=\"elementor-spacer-inner\"><\/div>\n\t\t<\/div>\n\t\t\t\t\t\t<\/div>\n\t\t\t\t<\/div>\n\t\t\t\t\t<\/div>\n\t\t<\/div>\n\t\t\t\t<div class=\"elementor-column elementor-col-16 elementor-top-column elementor-element elementor-element-0955ffb\" data-id=\"0955ffb\" data-element_type=\"column\" data-e-type=\"column\">\n\t\t\t<div class=\"elementor-widget-wrap\">\n\t\t\t\t\t\t\t<\/div>\n\t\t<\/div>\n\t\t\t\t\t<\/div>\n\t\t<\/section>\n\t\t\t\t<section class=\"elementor-section elementor-top-section elementor-element elementor-element-97f7979 elementor-section-boxed elementor-section-height-default elementor-section-height-default\" data-id=\"97f7979\" data-element_type=\"section\" data-e-type=\"section\" data-settings=\"{&quot;_ha_eqh_enable&quot;:false}\">\n\t\t\t\t\t\t<div class=\"elementor-container elementor-column-gap-default\">\n\t\t\t\t\t<div class=\"elementor-column elementor-col-100 elementor-top-column elementor-element elementor-element-7cb0858\" data-id=\"7cb0858\" data-element_type=\"column\" data-e-type=\"column\">\n\t\t\t<div class=\"elementor-widget-wrap elementor-element-populated\">\n\t\t\t\t\t\t<div class=\"elementor-element elementor-element-4d47fd9 elementor-widget elementor-widget-heading\" data-id=\"4d47fd9\" data-element_type=\"widget\" data-e-type=\"widget\" data-widget_type=\"heading.default\">\n\t\t\t\t<div class=\"elementor-widget-container\">\n\t\t\t\t\t<h2 class=\"elementor-heading-title elementor-size-default\">COM ARRIBAR<\/h2>\t\t\t\t<\/div>\n\t\t\t\t<\/div>\n\t\t\t\t<div class=\"elementor-element elementor-element-42ff827 elementor-widget-divider--view-line elementor-widget elementor-widget-divider\" data-id=\"42ff827\" data-element_type=\"widget\" data-e-type=\"widget\" data-widget_type=\"divider.default\">\n\t\t\t\t<div class=\"elementor-widget-container\">\n\t\t\t\t\t\t\t<div class=\"elementor-divider\">\n\t\t\t<span class=\"elementor-divider-separator\">\n\t\t\t\t\t\t<\/span>\n\t\t<\/div>\n\t\t\t\t\t\t<\/div>\n\t\t\t\t<\/div>\n\t\t\t\t\t<\/div>\n\t\t<\/div>\n\t\t\t\t\t<\/div>\n\t\t<\/section>\n\t\t\t\t<section class=\"elementor-section elementor-top-section elementor-element elementor-element-e824879 elementor-section-boxed elementor-section-height-default elementor-section-height-default\" data-id=\"e824879\" data-element_type=\"section\" data-e-type=\"section\" data-settings=\"{&quot;_ha_eqh_enable&quot;:false}\">\n\t\t\t\t\t\t<div class=\"elementor-container elementor-column-gap-default\">\n\t\t\t\t\t<div class=\"elementor-column elementor-col-50 elementor-top-column elementor-element elementor-element-5ae40c2\" data-id=\"5ae40c2\" data-element_type=\"column\" data-e-type=\"column\">\n\t\t\t<div class=\"elementor-widget-wrap elementor-element-populated\">\n\t\t\t\t\t\t<div class=\"elementor-element elementor-element-22e3ea5 elementor-widget elementor-widget-text-editor\" data-id=\"22e3ea5\" data-element_type=\"widget\" data-e-type=\"widget\" data-widget_type=\"text-editor.default\">\n\t\t\t\t<div class=\"elementor-widget-container\">\n\t\t\t\t\t\t\t\t\t<h5 style=\"text-align: center;\">Poliesportiu Marina Bes\u00f2s<\/h5>\t\t\t\t\t\t\t\t<\/div>\n\t\t\t\t<\/div>\n\t\t\t\t<div class=\"elementor-element elementor-element-769957d elementor-invisible elementor-widget elementor-widget-google_maps\" data-id=\"769957d\" data-element_type=\"widget\" data-e-type=\"widget\" data-settings=\"{&quot;_animation&quot;:&quot;slideInLeft&quot;}\" data-widget_type=\"google_maps.default\">\n\t\t\t\t<div class=\"elementor-widget-container\">\n\t\t\t\t\t\t\t<div class=\"elementor-custom-embed\">\n\t\t\t<iframe\n\t\t\t\t\tdata-src=\"https:\/\/maps.google.com\/maps?q=Poliesportiu%20Marina%20Bes%C3%B2s%20C%2F%20Dolores%20Ib%C3%A1rruri%2C%20S%2FN&#038;t=m&#038;z=17&#038;output=embed&#038;iwloc=near\"\n\t\t\t\t\ttitle=\"Poliesportiu Marina Bes\u00f2s C\/ Dolores Ib\u00e1rruri, S\/N\"\n\t\t\t\t\taria-label=\"Poliesportiu Marina Bes\u00f2s C\/ Dolores Ib\u00e1rruri, S\/N\"\n\t\t\t src=\"data:image\/svg+xml;base64,PHN2ZyB3aWR0aD0iMSIgaGVpZ2h0PSIxIiB4bWxucz0iaHR0cDovL3d3dy53My5vcmcvMjAwMC9zdmciPjwvc3ZnPg==\" class=\"lazyload\" data-load-mode=\"1\"><\/iframe>\n\t\t<\/div>\n\t\t\t\t\t\t<\/div>\n\t\t\t\t<\/div>\n\t\t\t\t<div class=\"elementor-element elementor-element-d1ace71 elementor-widget elementor-widget-text-editor\" data-id=\"d1ace71\" data-element_type=\"widget\" data-e-type=\"widget\" data-widget_type=\"text-editor.default\">\n\t\t\t\t<div class=\"elementor-widget-container\">\n\t\t\t\t\t\t\t\t\t<p><strong>Adre\u00e7a:<br \/><\/strong>C\/ Dolores Ib\u00e1rruri, s\/n<br \/>08930 Sant Adri\u00e0 de Bes\u00f2s, Barcelona<\/p><p><strong>Com Arribar:<\/strong><br \/>Rodalies Renfe (L\u00ednia R1 \u2013 Estaci\u00f3 Sant Adri\u00e0 de Bes\u00f2s)<br \/>Autob\u00fas: B14,\u00a0BD7, B26, B23 i 43<br \/>Tramvia (Recorregut T4 i T6 \u2013 Estaci\u00f3 de Sant Adri\u00e0 de Bes\u00f2s)<br \/>Sortida Ronda del Litoral n\u00fam. 25 i 26<br \/>Autopista C-31 (Badalona Sud)<\/p>\t\t\t\t\t\t\t\t<\/div>\n\t\t\t\t<\/div>\n\t\t\t\t\t<\/div>\n\t\t<\/div>\n\t\t\t\t<div class=\"elementor-column elementor-col-50 elementor-top-column elementor-element elementor-element-94e2296\" data-id=\"94e2296\" data-element_type=\"column\" data-e-type=\"column\">\n\t\t\t<div class=\"elementor-widget-wrap elementor-element-populated\">\n\t\t\t\t\t\t<div class=\"elementor-element elementor-element-f6ba701 elementor-widget elementor-widget-text-editor\" data-id=\"f6ba701\" data-element_type=\"widget\" data-e-type=\"widget\" data-widget_type=\"text-editor.default\">\n\t\t\t\t<div class=\"elementor-widget-container\">\n\t\t\t\t\t\t\t\t\t<h5 style=\"text-align: center;\">Pabell\u00f3 Ol\u00edmpic Municipal La Mina<\/h5>\t\t\t\t\t\t\t\t<\/div>\n\t\t\t\t<\/div>\n\t\t\t\t<div class=\"elementor-element elementor-element-f211d15 elementor-invisible elementor-widget elementor-widget-google_maps\" data-id=\"f211d15\" data-element_type=\"widget\" data-e-type=\"widget\" data-settings=\"{&quot;_animation&quot;:&quot;slideInRight&quot;}\" data-widget_type=\"google_maps.default\">\n\t\t\t\t<div class=\"elementor-widget-container\">\n\t\t\t\t\t\t\t<div class=\"elementor-custom-embed\">\n\t\t\t<iframe\n\t\t\t\t\tdata-src=\"https:\/\/maps.google.com\/maps?q=%20C%2F%20d%27Aristides%20Maillol%2C%201%2C%2008930%20Sant%20Adri%C3%A0%20de%20Bes%C3%B2s&#038;t=m&#038;z=16&#038;output=embed&#038;iwloc=near\"\n\t\t\t\t\ttitle=\" C\/ d&#039;Aristides Maillol, 1, 08930 Sant Adri\u00e0 de Bes\u00f2s\"\n\t\t\t\t\taria-label=\" C\/ d&#039;Aristides Maillol, 1, 08930 Sant Adri\u00e0 de Bes\u00f2s\"\n\t\t\t src=\"data:image\/svg+xml;base64,PHN2ZyB3aWR0aD0iMSIgaGVpZ2h0PSIxIiB4bWxucz0iaHR0cDovL3d3dy53My5vcmcvMjAwMC9zdmciPjwvc3ZnPg==\" class=\"lazyload\" data-load-mode=\"1\"><\/iframe>\n\t\t<\/div>\n\t\t\t\t\t\t<\/div>\n\t\t\t\t<\/div>\n\t\t\t\t<div class=\"elementor-element elementor-element-402d0dd elementor-widget elementor-widget-text-editor\" data-id=\"402d0dd\" data-element_type=\"widget\" data-e-type=\"widget\" data-widget_type=\"text-editor.default\">\n\t\t\t\t<div class=\"elementor-widget-container\">\n\t\t\t\t\t\t\t\t\t<p><strong>Adre\u00e7a:<br \/><\/strong> C\/ d\u2019Aristides Maillol, 1<br \/>08930 Sant Adri\u00e0 de Bes\u00f2s, Barcelona<\/p><p><strong>Com Arribar:<br \/><\/strong>Autob\u00fas: B20, H14, V33, N6 i B23<br \/>Tramvia (Recorregut T4 i T6 \u2013 Estaci\u00f3 de Port Forum o T6 &#8211; Estaci\u00f3 La Mina)<br \/>Sortida Ronda del Litoral n\u00fam. 25 i 26<\/p><p><strong>\u00a0<\/strong><\/p><p>\u00a0<\/p>\t\t\t\t\t\t\t\t<\/div>\n\t\t\t\t<\/div>\n\t\t\t\t\t<\/div>\n\t\t<\/div>\n\t\t\t\t\t<\/div>\n\t\t<\/section>\n\t\t\t\t<section class=\"elementor-section elementor-top-section elementor-element elementor-element-edcee14 elementor-section-boxed elementor-section-height-default elementor-section-height-default\" data-id=\"edcee14\" data-element_type=\"section\" data-e-type=\"section\" data-settings=\"{&quot;_ha_eqh_enable&quot;:false}\">\n\t\t\t\t\t\t<div class=\"elementor-container elementor-column-gap-default\">\n\t\t\t\t\t<div class=\"elementor-column elementor-col-100 elementor-top-column elementor-element elementor-element-2f31545\" data-id=\"2f31545\" data-element_type=\"column\" data-e-type=\"column\">\n\t\t\t<div class=\"elementor-widget-wrap elementor-element-populated\">\n\t\t\t\t\t\t<div class=\"elementor-element elementor-element-37c4430 elementor-widget elementor-widget-spacer\" data-id=\"37c4430\" data-element_type=\"widget\" data-e-type=\"widget\" data-widget_type=\"spacer.default\">\n\t\t\t\t<div class=\"elementor-widget-container\">\n\t\t\t\t\t\t\t<div class=\"elementor-spacer\">\n\t\t\t<div class=\"elementor-spacer-inner\"><\/div>\n\t\t<\/div>\n\t\t\t\t\t\t<\/div>\n\t\t\t\t<\/div>\n\t\t\t\t\t<\/div>\n\t\t<\/div>\n\t\t\t\t\t<\/div>\n\t\t<\/section>\n\t\t\t\t<\/div>\n\t\t","protected":false},"excerpt":{"rendered":"<p>ENVIA&#8217;NS LA TEVA CONSULTA COM ARRIBAR Poliesportiu Marina Bes\u00f2s Adre\u00e7a:C\/ Dolores Ib\u00e1rruri, s\/n08930 Sant Adri\u00e0 de Bes\u00f2s, Barcelona Com Arribar:Rodalies Renfe (L\u00ednia R1 \u2013 Estaci\u00f3 Sant Adri\u00e0 de Bes\u00f2s)Autob\u00fas: B14,\u00a0BD7, B26, B23 i 43Tramvia (Recorregut T4 i T6 \u2013 Estaci\u00f3 de Sant Adri\u00e0 de Bes\u00f2s)Sortida Ronda del Litoral n\u00fam. 25 i 26Autopista C-31 (Badalona Sud) [&hellip;]<\/p>\n","protected":false},"author":2,"featured_media":0,"parent":0,"menu_order":0,"comment_status":"closed","ping_status":"closed","template":"","meta":{"footnotes":""},"class_list":["post-3537","page","type-page","status-publish","hentry"],"blocksy_meta":[],"_links":{"self":[{"href":"https:\/\/clubvoleibolsantadria.com\/es\/wp-json\/wp\/v2\/pages\/3537","targetHints":{"allow":["GET"]}}],"collection":[{"href":"https:\/\/clubvoleibolsantadria.com\/es\/wp-json\/wp\/v2\/pages"}],"about":[{"href":"https:\/\/clubvoleibolsantadria.com\/es\/wp-json\/wp\/v2\/types\/page"}],"author":[{"embeddable":true,"href":"https:\/\/clubvoleibolsantadria.com\/es\/wp-json\/wp\/v2\/users\/2"}],"replies":[{"embeddable":true,"href":"https:\/\/clubvoleibolsantadria.com\/es\/wp-json\/wp\/v2\/comments?post=3537"}],"version-history":[{"count":0,"href":"https:\/\/clubvoleibolsantadria.com\/es\/wp-json\/wp\/v2\/pages\/3537\/revisions"}],"wp:attachment":[{"href":"https:\/\/clubvoleibolsantadria.com\/es\/wp-json\/wp\/v2\/media?parent=3537"}],"curies":[{"name":"wp","href":"https:\/\/api.w.org\/{rel}","templated":true}]}}