{"id":624,"date":"2022-12-08T13:19:34","date_gmt":"2022-12-08T13:19:34","guid":{"rendered":"https:\/\/clubvoleibolsantadria.com\/?page_id=624"},"modified":"2022-12-23T18:01:11","modified_gmt":"2022-12-23T18:01:11","slug":"popup-volley-christmas-2022","status":"publish","type":"page","link":"https:\/\/clubvoleibolsantadria.com\/es\/popup-volley-christmas-2022\/","title":{"rendered":"Popup Volley Christmas 2022"},"content":{"rendered":"<div data-elementor-type=\"wp-page\" data-elementor-id=\"624\" class=\"elementor elementor-624\" data-elementor-settings=\"{&quot;ha_cmc_init_switcher&quot;:&quot;no&quot;}\" data-elementor-post-type=\"page\">\n\t\t\t\t\t\t<section class=\"elementor-section elementor-top-section elementor-element elementor-element-636c062 elementor-section-boxed elementor-section-height-default elementor-section-height-default\" data-id=\"636c062\" data-element_type=\"section\" data-e-type=\"section\" data-settings=\"{&quot;_ha_eqh_enable&quot;:false}\">\n\t\t\t\t\t\t<div class=\"elementor-container elementor-column-gap-default\">\n\t\t\t\t\t<div class=\"elementor-column elementor-col-100 elementor-top-column elementor-element elementor-element-8acf0b9\" data-id=\"8acf0b9\" data-element_type=\"column\" data-e-type=\"column\">\n\t\t\t<div class=\"elementor-widget-wrap elementor-element-populated\">\n\t\t\t\t\t\t<div class=\"elementor-element elementor-element-d8b2161 elementor-widget elementor-widget-image\" data-id=\"d8b2161\" data-element_type=\"widget\" data-e-type=\"widget\" data-widget_type=\"image.default\">\n\t\t\t\t<div class=\"elementor-widget-container\">\n\t\t\t\t\t\t\t\t\t\t\t\t\t\t\t\t<a href=\"https:\/\/clubvoleibolsantadria.com\/es\/volley-christmas-2022\/\">\n\t\t\t\t\t\t\t<img fetchpriority=\"high\" decoding=\"async\" width=\"1024\" height=\"175\" src=\"https:\/\/clubvoleibolsantadria.com\/wp-content\/uploads\/2022\/12\/volei_christmas_1line-1024x175.png\" class=\"attachment-large size-large wp-image-626\" alt=\"\" srcset=\"https:\/\/clubvoleibolsantadria.com\/wp-content\/uploads\/2022\/12\/volei_christmas_1line-1024x175.png 1024w, https:\/\/clubvoleibolsantadria.com\/wp-content\/uploads\/2022\/12\/volei_christmas_1line-300x51.png 300w, https:\/\/clubvoleibolsantadria.com\/wp-content\/uploads\/2022\/12\/volei_christmas_1line-768x131.png 768w, https:\/\/clubvoleibolsantadria.com\/wp-content\/uploads\/2022\/12\/volei_christmas_1line-18x3.png 18w, https:\/\/clubvoleibolsantadria.com\/wp-content\/uploads\/2022\/12\/volei_christmas_1line.png 1430w\" sizes=\"(max-width: 1024px) 100vw, 1024px\" \/>\t\t\t\t\t\t\t\t<\/a>\n\t\t\t\t\t\t\t\t\t\t\t\t\t\t\t<\/div>\n\t\t\t\t<\/div>\n\t\t\t\t\t<\/div>\n\t\t<\/div>\n\t\t\t\t\t<\/div>\n\t\t<\/section>\n\t\t\t\t<section class=\"elementor-section elementor-top-section elementor-element elementor-element-67fa7e3 elementor-section-boxed elementor-section-height-default elementor-section-height-default\" data-id=\"67fa7e3\" data-element_type=\"section\" data-e-type=\"section\" data-settings=\"{&quot;_ha_eqh_enable&quot;:false}\">\n\t\t\t\t\t\t<div class=\"elementor-container elementor-column-gap-default\">\n\t\t\t\t\t<div class=\"elementor-column elementor-col-100 elementor-top-column elementor-element elementor-element-f3f54f3\" data-id=\"f3f54f3\" data-element_type=\"column\" data-e-type=\"column\">\n\t\t\t<div class=\"elementor-widget-wrap elementor-element-populated\">\n\t\t\t\t\t\t<section class=\"elementor-section elementor-inner-section elementor-element elementor-element-d322355 elementor-section-boxed elementor-section-height-default elementor-section-height-default\" data-id=\"d322355\" data-element_type=\"section\" data-e-type=\"section\" data-settings=\"{&quot;_ha_eqh_enable&quot;:false}\">\n\t\t\t\t\t\t<div class=\"elementor-container elementor-column-gap-default\">\n\t\t\t\t\t<div class=\"elementor-column elementor-col-50 elementor-inner-column elementor-element elementor-element-c884944\" data-id=\"c884944\" data-element_type=\"column\" data-e-type=\"column\">\n\t\t\t<div class=\"elementor-widget-wrap elementor-element-populated\">\n\t\t\t\t\t\t<div class=\"elementor-element elementor-element-0ee7653 elementor-widget elementor-widget-image\" data-id=\"0ee7653\" data-element_type=\"widget\" data-e-type=\"widget\" data-widget_type=\"image.default\">\n\t\t\t\t<div class=\"elementor-widget-container\">\n\t\t\t\t\t\t\t\t\t\t\t\t\t\t\t<img decoding=\"async\" width=\"250\" height=\"250\" data-src=\"https:\/\/clubvoleibolsantadria.com\/wp-content\/uploads\/2022\/06\/cropped-ESCUDO-CVSA-DEFINITIVO-copia-1.png\" class=\"attachment-large size-large wp-image-440 lazyload\" alt=\"\" data-srcset=\"https:\/\/clubvoleibolsantadria.com\/wp-content\/uploads\/2022\/06\/cropped-ESCUDO-CVSA-DEFINITIVO-copia-1.png 250w, https:\/\/clubvoleibolsantadria.com\/wp-content\/uploads\/2022\/06\/cropped-ESCUDO-CVSA-DEFINITIVO-copia-1-150x150.png 150w, https:\/\/clubvoleibolsantadria.com\/wp-content\/uploads\/2022\/06\/cropped-ESCUDO-CVSA-DEFINITIVO-copia-1-12x12.png 12w\" data-sizes=\"(max-width: 250px) 100vw, 250px\" src=\"data:image\/svg+xml;base64,PHN2ZyB3aWR0aD0iMSIgaGVpZ2h0PSIxIiB4bWxucz0iaHR0cDovL3d3dy53My5vcmcvMjAwMC9zdmciPjwvc3ZnPg==\" style=\"--smush-placeholder-width: 250px; --smush-placeholder-aspect-ratio: 250\/250;\" \/>\t\t\t\t\t\t\t\t\t\t\t\t\t\t\t<\/div>\n\t\t\t\t<\/div>\n\t\t\t\t\t<\/div>\n\t\t<\/div>\n\t\t\t\t<div class=\"elementor-column elementor-col-50 elementor-inner-column elementor-element elementor-element-6f1d03f\" data-id=\"6f1d03f\" data-element_type=\"column\" data-e-type=\"column\">\n\t\t\t<div class=\"elementor-widget-wrap elementor-element-populated\">\n\t\t\t\t\t\t<div class=\"elementor-element elementor-element-f9f6996 elementor-widget elementor-widget-heading\" data-id=\"f9f6996\" data-element_type=\"widget\" data-e-type=\"widget\" data-widget_type=\"heading.default\">\n\t\t\t\t<div class=\"elementor-widget-container\">\n\t\t\t\t\t<h1 class=\"elementor-heading-title elementor-size-default\"><a href=\"https:\/\/clubvoleibolsantadria.com\/es\/volley-christmas-2022\/\">Entrenaments Nadal 2022<\/a><\/h1>\t\t\t\t<\/div>\n\t\t\t\t<\/div>\n\t\t\t\t\t<\/div>\n\t\t<\/div>\n\t\t\t\t\t<\/div>\n\t\t<\/section>\n\t\t\t\t<div class=\"elementor-element elementor-element-97b8ab0 elementor-widget elementor-widget-image\" data-id=\"97b8ab0\" data-element_type=\"widget\" data-e-type=\"widget\" data-widget_type=\"image.default\">\n\t\t\t\t<div class=\"elementor-widget-container\">\n\t\t\t\t\t\t\t\t\t\t\t\t\t\t\t<img decoding=\"async\" width=\"600\" height=\"294\" data-src=\"https:\/\/clubvoleibolsantadria.com\/wp-content\/uploads\/2022\/12\/plazas-agotadas.png\" class=\"attachment-large size-large wp-image-706 lazyload\" alt=\"\" data-srcset=\"https:\/\/clubvoleibolsantadria.com\/wp-content\/uploads\/2022\/12\/plazas-agotadas.png 600w, https:\/\/clubvoleibolsantadria.com\/wp-content\/uploads\/2022\/12\/plazas-agotadas-300x147.png 300w, https:\/\/clubvoleibolsantadria.com\/wp-content\/uploads\/2022\/12\/plazas-agotadas-18x9.png 18w\" data-sizes=\"(max-width: 600px) 100vw, 600px\" src=\"data:image\/svg+xml;base64,PHN2ZyB3aWR0aD0iMSIgaGVpZ2h0PSIxIiB4bWxucz0iaHR0cDovL3d3dy53My5vcmcvMjAwMC9zdmciPjwvc3ZnPg==\" style=\"--smush-placeholder-width: 600px; --smush-placeholder-aspect-ratio: 600\/294;\" \/>\t\t\t\t\t\t\t\t\t\t\t\t\t\t\t<\/div>\n\t\t\t\t<\/div>\n\t\t\t\t<div class=\"elementor-element elementor-element-8a0eead elementor-widget elementor-widget-text-editor\" data-id=\"8a0eead\" data-element_type=\"widget\" data-e-type=\"widget\" data-widget_type=\"text-editor.default\">\n\t\t\t\t<div class=\"elementor-widget-container\">\n\t\t\t\t\t\t\t\t\t<p style=\"text-align: center;\"><a href=\"https:\/\/clubvoleibolsantadria.com\/es\/popup-volley-christmas-2022\/\"><span style=\"color: #000000;\">El Club de Voleibol Sant Adri\u00e0 organitza una nova edici\u00f3 del seus entrenaments de Nadal.<\/span><\/a><\/p><div style=\"text-align: center;\"><span style=\"color: #000000;\">M\u00e9s informaci\u00f3 aqu\u00ed<\/span><\/div>\t\t\t\t\t\t\t\t<\/div>\n\t\t\t\t<\/div>\n\t\t\t\t<section class=\"elementor-section elementor-inner-section elementor-element elementor-element-71cb7ba elementor-section-boxed elementor-section-height-default elementor-section-height-default\" data-id=\"71cb7ba\" data-element_type=\"section\" data-e-type=\"section\" data-settings=\"{&quot;_ha_eqh_enable&quot;:false}\">\n\t\t\t\t\t\t<div class=\"elementor-container elementor-column-gap-default\">\n\t\t\t\t\t<div class=\"elementor-column elementor-col-50 elementor-inner-column elementor-element elementor-element-c868295\" data-id=\"c868295\" data-element_type=\"column\" data-e-type=\"column\">\n\t\t\t<div class=\"elementor-widget-wrap elementor-element-populated\">\n\t\t\t\t\t\t<div class=\"elementor-element elementor-element-a68d4d8 elementor-widget elementor-widget-image\" data-id=\"a68d4d8\" data-element_type=\"widget\" data-e-type=\"widget\" data-widget_type=\"image.default\">\n\t\t\t\t<div class=\"elementor-widget-container\">\n\t\t\t\t\t\t\t\t\t\t\t\t\t\t\t<img decoding=\"async\" width=\"300\" height=\"90\" data-src=\"https:\/\/clubvoleibolsantadria.com\/wp-content\/uploads\/2022\/12\/SAB_2lines_1color-300x90.jpg\" class=\"attachment-medium size-medium wp-image-633 lazyload\" alt=\"\" data-srcset=\"https:\/\/clubvoleibolsantadria.com\/wp-content\/uploads\/2022\/12\/SAB_2lines_1color-300x90.jpg 300w, https:\/\/clubvoleibolsantadria.com\/wp-content\/uploads\/2022\/12\/SAB_2lines_1color-768x230.jpg 768w, https:\/\/clubvoleibolsantadria.com\/wp-content\/uploads\/2022\/12\/SAB_2lines_1color-1024x307.jpg 1024w, https:\/\/clubvoleibolsantadria.com\/wp-content\/uploads\/2022\/12\/SAB_2lines_1color-18x5.jpg 18w, https:\/\/clubvoleibolsantadria.com\/wp-content\/uploads\/2022\/12\/SAB_2lines_1color.jpg 1181w\" data-sizes=\"(max-width: 300px) 100vw, 300px\" src=\"data:image\/svg+xml;base64,PHN2ZyB3aWR0aD0iMSIgaGVpZ2h0PSIxIiB4bWxucz0iaHR0cDovL3d3dy53My5vcmcvMjAwMC9zdmciPjwvc3ZnPg==\" style=\"--smush-placeholder-width: 300px; --smush-placeholder-aspect-ratio: 300\/90;\" \/>\t\t\t\t\t\t\t\t\t\t\t\t\t\t\t<\/div>\n\t\t\t\t<\/div>\n\t\t\t\t\t<\/div>\n\t\t<\/div>\n\t\t\t\t<div class=\"elementor-column elementor-col-50 elementor-inner-column elementor-element elementor-element-9c3e937\" data-id=\"9c3e937\" data-element_type=\"column\" data-e-type=\"column\">\n\t\t\t<div class=\"elementor-widget-wrap elementor-element-populated\">\n\t\t\t\t\t\t<div class=\"elementor-element elementor-element-06b8cb8 elementor-widget elementor-widget-image\" data-id=\"06b8cb8\" data-element_type=\"widget\" data-e-type=\"widget\" data-widget_type=\"image.default\">\n\t\t\t\t<div class=\"elementor-widget-container\">\n\t\t\t\t\t\t\t\t\t\t\t\t\t\t\t<img decoding=\"async\" data-src=\"https:\/\/clubvoleibolsantadria.com\/wp-content\/uploads\/elementor\/thumbs\/SAB_esports_ombra-r9v7ux8woxmmp333vlhgdb8az7v7b2655ykohrqram.jpg\" title=\"SAB_esports_ombra\" alt=\"SAB_esports_ombra\" src=\"data:image\/svg+xml;base64,PHN2ZyB3aWR0aD0iMSIgaGVpZ2h0PSIxIiB4bWxucz0iaHR0cDovL3d3dy53My5vcmcvMjAwMC9zdmciPjwvc3ZnPg==\" class=\"lazyload\" style=\"--smush-placeholder-width: 75px; --smush-placeholder-aspect-ratio: 75\/75;\" \/>\t\t\t\t\t\t\t\t\t\t\t\t\t\t\t<\/div>\n\t\t\t\t<\/div>\n\t\t\t\t\t<\/div>\n\t\t<\/div>\n\t\t\t\t\t<\/div>\n\t\t<\/section>\n\t\t\t\t\t<\/div>\n\t\t<\/div>\n\t\t\t\t\t<\/div>\n\t\t<\/section>\n\t\t\t\t<\/div>","protected":false},"excerpt":{"rendered":"<p>Entrenaments Nadal 2022 El Club de Voleibol Sant Adri\u00e0 organitza una nova edici\u00f3 del seus entrenaments de Nadal. M\u00e9s informaci\u00f3 aqu\u00ed<\/p>","protected":false},"author":2,"featured_media":0,"parent":0,"menu_order":0,"comment_status":"closed","ping_status":"closed","template":"","meta":{"footnotes":""},"class_list":["post-624","page","type-page","status-publish","hentry"],"blocksy_meta":[],"_links":{"self":[{"href":"https:\/\/clubvoleibolsantadria.com\/es\/wp-json\/wp\/v2\/pages\/624","targetHints":{"allow":["GET"]}}],"collection":[{"href":"https:\/\/clubvoleibolsantadria.com\/es\/wp-json\/wp\/v2\/pages"}],"about":[{"href":"https:\/\/clubvoleibolsantadria.com\/es\/wp-json\/wp\/v2\/types\/page"}],"author":[{"embeddable":true,"href":"https:\/\/clubvoleibolsantadria.com\/es\/wp-json\/wp\/v2\/users\/2"}],"replies":[{"embeddable":true,"href":"https:\/\/clubvoleibolsantadria.com\/es\/wp-json\/wp\/v2\/comments?post=624"}],"version-history":[{"count":0,"href":"https:\/\/clubvoleibolsantadria.com\/es\/wp-json\/wp\/v2\/pages\/624\/revisions"}],"wp:attachment":[{"href":"https:\/\/clubvoleibolsantadria.com\/es\/wp-json\/wp\/v2\/media?parent=624"}],"curies":[{"name":"wp","href":"https:\/\/api.w.org\/{rel}","templated":true}]}}