{"id":765,"date":"2023-01-30T22:27:25","date_gmt":"2023-01-30T22:27:25","guid":{"rendered":"https:\/\/clubvoleibolsantadria.com\/?page_id=765"},"modified":"2024-08-10T09:25:29","modified_gmt":"2024-08-10T09:25:29","slug":"tecnificacion","status":"publish","type":"page","link":"https:\/\/clubvoleibolsantadria.com\/es\/tecnificacion\/","title":{"rendered":"Tecnificaci\u00f3n"},"content":{"rendered":"<div data-elementor-type=\"wp-page\" data-elementor-id=\"765\" class=\"elementor elementor-765\" data-elementor-settings=\"{&quot;ha_cmc_init_switcher&quot;:&quot;no&quot;}\" data-elementor-post-type=\"page\">\n\t\t\t\t\t\t<section class=\"elementor-section elementor-top-section elementor-element elementor-element-4c042f6 elementor-section-boxed elementor-section-height-default elementor-section-height-default\" data-id=\"4c042f6\" data-element_type=\"section\" data-e-type=\"section\" data-settings=\"{&quot;_ha_eqh_enable&quot;:false}\">\n\t\t\t\t\t\t<div class=\"elementor-container elementor-column-gap-default\">\n\t\t\t\t\t<div class=\"elementor-column elementor-col-100 elementor-top-column elementor-element elementor-element-1f3da31\" data-id=\"1f3da31\" data-element_type=\"column\" data-e-type=\"column\">\n\t\t\t<div class=\"elementor-widget-wrap elementor-element-populated\">\n\t\t\t\t\t\t<div class=\"elementor-element elementor-element-ef097a3 elementor-widget elementor-widget-spacer\" data-id=\"ef097a3\" data-element_type=\"widget\" data-e-type=\"widget\" data-widget_type=\"spacer.default\">\n\t\t\t\t<div class=\"elementor-widget-container\">\n\t\t\t\t\t\t\t<div class=\"elementor-spacer\">\n\t\t\t<div class=\"elementor-spacer-inner\"><\/div>\n\t\t<\/div>\n\t\t\t\t\t\t<\/div>\n\t\t\t\t<\/div>\n\t\t\t\t<div class=\"elementor-element elementor-element-902f00c elementor-widget elementor-widget-heading\" data-id=\"902f00c\" data-element_type=\"widget\" data-e-type=\"widget\" data-widget_type=\"heading.default\">\n\t\t\t\t<div class=\"elementor-widget-container\">\n\t\t\t\t\t<h2 class=\"elementor-heading-title elementor-size-default\">JORNADAS DE TECNIFICACI\u00d3N<\/h2>\t\t\t\t<\/div>\n\t\t\t\t<\/div>\n\t\t\t\t<div class=\"elementor-element elementor-element-b0eade9 elementor-widget-divider--view-line elementor-widget elementor-widget-divider\" data-id=\"b0eade9\" data-element_type=\"widget\" data-e-type=\"widget\" data-widget_type=\"divider.default\">\n\t\t\t\t<div class=\"elementor-widget-container\">\n\t\t\t\t\t\t\t<div class=\"elementor-divider\">\n\t\t\t<span class=\"elementor-divider-separator\">\n\t\t\t\t\t\t<\/span>\n\t\t<\/div>\n\t\t\t\t\t\t<\/div>\n\t\t\t\t<\/div>\n\t\t\t\t\t<\/div>\n\t\t<\/div>\n\t\t\t\t\t<\/div>\n\t\t<\/section>\n\t\t\t\t<section class=\"elementor-section elementor-top-section elementor-element elementor-element-31acf97 elementor-section-boxed elementor-section-height-default elementor-section-height-default\" data-id=\"31acf97\" data-element_type=\"section\" data-e-type=\"section\" data-settings=\"{&quot;_ha_eqh_enable&quot;:false}\">\n\t\t\t\t\t\t<div class=\"elementor-container elementor-column-gap-default\">\n\t\t\t\t\t<div class=\"elementor-column elementor-col-50 elementor-top-column elementor-element elementor-element-2ea7ed0\" data-id=\"2ea7ed0\" data-element_type=\"column\" data-e-type=\"column\">\n\t\t\t<div class=\"elementor-widget-wrap elementor-element-populated\">\n\t\t\t\t\t\t<div class=\"elementor-element elementor-element-1999606 elementor-widget elementor-widget-text-editor\" data-id=\"1999606\" data-element_type=\"widget\" data-e-type=\"widget\" data-widget_type=\"text-editor.default\">\n\t\t\t\t<div class=\"elementor-widget-container\">\n\t\t\t\t\t\t\t\t\t<p>El Club Voleibol Sant Adri\u00e0 realiza periodicamente entrenamientos de tecnificaci\u00f3n dirigidos a deportistas, donde se busca la mejora individual de los jugadores y jugadoras.<\/p><p>Mediante estos entrenamientos, realizados y supervisados por entrenadores y entrenadoras de nuestro club, se pretende ofrecer a los\/las deportistas la posibilidad de mejorar en aquellos aspectos individuales, t\u00e9cnicos y t\u00e1cticos, que les ayuden a crecer como jugadores y jugadoras para poder aportar m\u00e1s a sus equipos.<\/p><p>Los entrenamientos est\u00e1n dirigidos a jugadores y jugadoras que deseen trabajar y desarrollar los principios b\u00e1sicos del voleibol, especialmente mejorar y potenciar la tecnificaci\u00f3n individual y f\u00edsica, as\u00ed como las diferentes t\u00e1cticas de juego, de forma complementaria al trabajo que se realizan en sus entrenamientos habituales.<\/p>\t\t\t\t\t\t\t\t<\/div>\n\t\t\t\t<\/div>\n\t\t\t\t\t<\/div>\n\t\t<\/div>\n\t\t\t\t<div class=\"elementor-column elementor-col-50 elementor-top-column elementor-element elementor-element-aa94fcf\" data-id=\"aa94fcf\" data-element_type=\"column\" data-e-type=\"column\">\n\t\t\t<div class=\"elementor-widget-wrap elementor-element-populated\">\n\t\t\t\t\t\t<div class=\"elementor-element elementor-element-19455e8 elementor-widget elementor-widget-image\" data-id=\"19455e8\" data-element_type=\"widget\" data-e-type=\"widget\" data-widget_type=\"image.default\">\n\t\t\t\t<div class=\"elementor-widget-container\">\n\t\t\t\t\t\t\t\t\t\t\t\t\t\t\t<img fetchpriority=\"high\" decoding=\"async\" width=\"1024\" height=\"592\" src=\"https:\/\/clubvoleibolsantadria.com\/wp-content\/uploads\/2024\/08\/2024-estivoley-1024x592.jpg\" class=\"attachment-large size-large wp-image-3605\" alt=\"\" srcset=\"https:\/\/clubvoleibolsantadria.com\/wp-content\/uploads\/2024\/08\/2024-estivoley-1024x592.jpg 1024w, https:\/\/clubvoleibolsantadria.com\/wp-content\/uploads\/2024\/08\/2024-estivoley-300x174.jpg 300w, https:\/\/clubvoleibolsantadria.com\/wp-content\/uploads\/2024\/08\/2024-estivoley-768x444.jpg 768w, https:\/\/clubvoleibolsantadria.com\/wp-content\/uploads\/2024\/08\/2024-estivoley-18x10.jpg 18w, https:\/\/clubvoleibolsantadria.com\/wp-content\/uploads\/2024\/08\/2024-estivoley.jpg 1440w\" sizes=\"(max-width: 1024px) 100vw, 1024px\" \/>\t\t\t\t\t\t\t\t\t\t\t\t\t\t\t<\/div>\n\t\t\t\t<\/div>\n\t\t\t\t\t<\/div>\n\t\t<\/div>\n\t\t\t\t\t<\/div>\n\t\t<\/section>\n\t\t\t\t<section class=\"elementor-section elementor-top-section elementor-element elementor-element-5179d6a elementor-section-boxed elementor-section-height-default elementor-section-height-default\" data-id=\"5179d6a\" data-element_type=\"section\" data-e-type=\"section\" data-settings=\"{&quot;_ha_eqh_enable&quot;:false}\">\n\t\t\t\t\t\t<div class=\"elementor-container elementor-column-gap-default\">\n\t\t\t\t\t<div class=\"elementor-column elementor-col-100 elementor-top-column elementor-element elementor-element-7eb7e63\" data-id=\"7eb7e63\" data-element_type=\"column\" data-e-type=\"column\">\n\t\t\t<div class=\"elementor-widget-wrap elementor-element-populated\">\n\t\t\t\t\t\t<div class=\"elementor-element elementor-element-ae927fa elementor-widget elementor-widget-text-editor\" data-id=\"ae927fa\" data-element_type=\"widget\" data-e-type=\"widget\" data-widget_type=\"text-editor.default\">\n\t\t\t\t<div class=\"elementor-widget-container\">\n\t\t\t\t\t\t\t\t\t<p>La ausencia de competiciones proporciona la oportunidad de potenciar las habilidades y el rendimiento del jugador y de la jugadora.<br \/>La informaci\u00f3 dels pr\u00f2xims entrenaments de tecnificaci\u00f3 s&#8217;aniran anunciat mitjan\u00e7ant aquesta web i el nostre compte de instagram.<\/p><p>\u00a0<\/p>\t\t\t\t\t\t\t\t<\/div>\n\t\t\t\t<\/div>\n\t\t\t\t\t<\/div>\n\t\t<\/div>\n\t\t\t\t\t<\/div>\n\t\t<\/section>\n\t\t\t\t<section class=\"elementor-section elementor-top-section elementor-element elementor-element-a4bd0a2 elementor-section-boxed elementor-section-height-default elementor-section-height-default\" data-id=\"a4bd0a2\" data-element_type=\"section\" data-e-type=\"section\" data-settings=\"{&quot;_ha_eqh_enable&quot;:false}\">\n\t\t\t\t\t\t<div class=\"elementor-container elementor-column-gap-default\">\n\t\t\t\t\t<div class=\"elementor-column elementor-col-16 elementor-top-column elementor-element elementor-element-1e97fd8\" data-id=\"1e97fd8\" data-element_type=\"column\" data-e-type=\"column\">\n\t\t\t<div class=\"elementor-widget-wrap\">\n\t\t\t\t\t\t\t<\/div>\n\t\t<\/div>\n\t\t\t\t<div class=\"elementor-column elementor-col-66 elementor-top-column elementor-element elementor-element-eed8803\" data-id=\"eed8803\" data-element_type=\"column\" data-e-type=\"column\">\n\t\t\t<div class=\"elementor-widget-wrap elementor-element-populated\">\n\t\t\t\t\t\t<div class=\"elementor-element elementor-element-fc35b96 elementor-widget elementor-widget-image\" data-id=\"fc35b96\" data-element_type=\"widget\" data-e-type=\"widget\" data-widget_type=\"image.default\">\n\t\t\t\t<div class=\"elementor-widget-container\">\n\t\t\t\t\t\t\t\t\t\t\t\t\t\t\t<img decoding=\"async\" width=\"768\" height=\"316\" data-src=\"https:\/\/clubvoleibolsantadria.com\/wp-content\/uploads\/2024\/08\/2024-tecnificacion-ingleses-768x316.jpg\" class=\"attachment-medium_large size-medium_large wp-image-3606 lazyload\" alt=\"\" data-srcset=\"https:\/\/clubvoleibolsantadria.com\/wp-content\/uploads\/2024\/08\/2024-tecnificacion-ingleses-768x316.jpg 768w, https:\/\/clubvoleibolsantadria.com\/wp-content\/uploads\/2024\/08\/2024-tecnificacion-ingleses-300x124.jpg 300w, https:\/\/clubvoleibolsantadria.com\/wp-content\/uploads\/2024\/08\/2024-tecnificacion-ingleses-1024x422.jpg 1024w, https:\/\/clubvoleibolsantadria.com\/wp-content\/uploads\/2024\/08\/2024-tecnificacion-ingleses-18x7.jpg 18w, https:\/\/clubvoleibolsantadria.com\/wp-content\/uploads\/2024\/08\/2024-tecnificacion-ingleses.jpg 1440w\" data-sizes=\"(max-width: 768px) 100vw, 768px\" src=\"data:image\/svg+xml;base64,PHN2ZyB3aWR0aD0iMSIgaGVpZ2h0PSIxIiB4bWxucz0iaHR0cDovL3d3dy53My5vcmcvMjAwMC9zdmciPjwvc3ZnPg==\" style=\"--smush-placeholder-width: 768px; --smush-placeholder-aspect-ratio: 768\/316;\" \/>\t\t\t\t\t\t\t\t\t\t\t\t\t\t\t<\/div>\n\t\t\t\t<\/div>\n\t\t\t\t<div class=\"elementor-element elementor-element-d297f07 elementor-widget elementor-widget-text-editor\" data-id=\"d297f07\" data-element_type=\"widget\" data-e-type=\"widget\" data-widget_type=\"text-editor.default\">\n\t\t\t\t<div class=\"elementor-widget-container\">\n\t\t\t\t\t\t\t\t\t<p class=\"_ap3a _aaco _aacu _aacx _aad7 _aade\" dir=\"auto\" style=\"text-align: center;\">Jornada de tecnificaci\u00f3 de l&#8217;escola anglesa Teign School.<\/p><p>.<\/p>\t\t\t\t\t\t\t\t<\/div>\n\t\t\t\t<\/div>\n\t\t\t\t\t<\/div>\n\t\t<\/div>\n\t\t\t\t<div class=\"elementor-column elementor-col-16 elementor-top-column elementor-element elementor-element-f420669\" data-id=\"f420669\" data-element_type=\"column\" data-e-type=\"column\">\n\t\t\t<div class=\"elementor-widget-wrap\">\n\t\t\t\t\t\t\t<\/div>\n\t\t<\/div>\n\t\t\t\t\t<\/div>\n\t\t<\/section>\n\t\t\t\t<section class=\"elementor-section elementor-top-section elementor-element elementor-element-60151e2 elementor-section-boxed elementor-section-height-default elementor-section-height-default\" data-id=\"60151e2\" data-element_type=\"section\" data-e-type=\"section\" data-settings=\"{&quot;_ha_eqh_enable&quot;:false}\">\n\t\t\t\t\t\t<div class=\"elementor-container elementor-column-gap-default\">\n\t\t\t\t\t<div class=\"elementor-column elementor-col-100 elementor-top-column elementor-element elementor-element-11c1edc\" data-id=\"11c1edc\" data-element_type=\"column\" data-e-type=\"column\">\n\t\t\t<div class=\"elementor-widget-wrap elementor-element-populated\">\n\t\t\t\t\t\t<div class=\"elementor-element elementor-element-b395ff0 elementor-widget elementor-widget-spacer\" data-id=\"b395ff0\" data-element_type=\"widget\" data-e-type=\"widget\" data-widget_type=\"spacer.default\">\n\t\t\t\t<div class=\"elementor-widget-container\">\n\t\t\t\t\t\t\t<div class=\"elementor-spacer\">\n\t\t\t<div class=\"elementor-spacer-inner\"><\/div>\n\t\t<\/div>\n\t\t\t\t\t\t<\/div>\n\t\t\t\t<\/div>\n\t\t\t\t\t<\/div>\n\t\t<\/div>\n\t\t\t\t\t<\/div>\n\t\t<\/section>\n\t\t\t\t<\/div>","protected":false},"excerpt":{"rendered":"<p>JORNADES DE TECNIFICACI\u00d3 El Club Voleibol Sant Adri\u00e0 realitza peri\u00f2dicament entrenaments de tecnificaci\u00f3 dirigits a esportistes, on cerca la millora individual dels jugadors i les jugadores. Mitjan\u00e7ant aquests entrenaments, realitzats i supervisats per entrenadors i entrenadores del nostre club, es pret\u00e9n oferir a els\/les esportistes la possibilitat de millorar en aquells aspectes individuals, t\u00e8cnics i [&hellip;]<\/p>\n","protected":false},"author":2,"featured_media":0,"parent":0,"menu_order":0,"comment_status":"closed","ping_status":"closed","template":"","meta":{"footnotes":""},"class_list":["post-765","page","type-page","status-publish","hentry"],"blocksy_meta":[],"_links":{"self":[{"href":"https:\/\/clubvoleibolsantadria.com\/es\/wp-json\/wp\/v2\/pages\/765","targetHints":{"allow":["GET"]}}],"collection":[{"href":"https:\/\/clubvoleibolsantadria.com\/es\/wp-json\/wp\/v2\/pages"}],"about":[{"href":"https:\/\/clubvoleibolsantadria.com\/es\/wp-json\/wp\/v2\/types\/page"}],"author":[{"embeddable":true,"href":"https:\/\/clubvoleibolsantadria.com\/es\/wp-json\/wp\/v2\/users\/2"}],"replies":[{"embeddable":true,"href":"https:\/\/clubvoleibolsantadria.com\/es\/wp-json\/wp\/v2\/comments?post=765"}],"version-history":[{"count":0,"href":"https:\/\/clubvoleibolsantadria.com\/es\/wp-json\/wp\/v2\/pages\/765\/revisions"}],"wp:attachment":[{"href":"https:\/\/clubvoleibolsantadria.com\/es\/wp-json\/wp\/v2\/media?parent=765"}],"curies":[{"name":"wp","href":"https:\/\/api.w.org\/{rel}","templated":true}]}}